{"id":958,"date":"2025-07-20T22:53:58","date_gmt":"2025-07-20T20:53:58","guid":{"rendered":"https:\/\/stk.sklep.pl\/?post_type=product&#038;p=958"},"modified":"2026-01-07T06:08:56","modified_gmt":"2026-01-07T05:08:56","slug":"aifos-l-s-koszula-meska","status":"publish","type":"product","link":"https:\/\/stk.sklep.pl\/?product=aifos-l-s-koszula-meska","title":{"rendered":"Aifos L\/S &#8211; koszula m\u0119ska"},"content":{"rendered":"<p>Koszula m\u0119ska z d\u0142ugim r\u0119kawem\u00a0i kieszonk\u0105. Materia\u0142 popelinowy. Krochmalony ko\u0142nierzyk z guziczkiem. Kiesze\u0144 na lewej piersi. Zapi\u0119cie na siedem guzik\u00f3w w tym samym kolorze,\u00a0co tkanina. Wyprofilowany dolny brzeg. \u0141atwa\u00a0w u\u017cytkowaniu.<\/p>\n<p>&nbsp;<\/p>\n<p><img fetchpriority=\"high\" decoding=\"async\" class=\"alignnone wp-image-1017 size-large\" src=\"http:\/\/stk.sklep.pl\/wp-content\/uploads\/2025\/07\/rozmiary-14-1024x275.jpg\" alt=\"\" width=\"800\" height=\"215\" srcset=\"https:\/\/stk.sklep.pl\/wp-content\/uploads\/2025\/07\/rozmiary-14-1024x275.jpg 1024w, https:\/\/stk.sklep.pl\/wp-content\/uploads\/2025\/07\/rozmiary-14-300x81.jpg 300w, https:\/\/stk.sklep.pl\/wp-content\/uploads\/2025\/07\/rozmiary-14-768x206.jpg 768w, https:\/\/stk.sklep.pl\/wp-content\/uploads\/2025\/07\/rozmiary-14-1536x413.jpg 1536w, https:\/\/stk.sklep.pl\/wp-content\/uploads\/2025\/07\/rozmiary-14-600x161.jpg 600w, https:\/\/stk.sklep.pl\/wp-content\/uploads\/2025\/07\/rozmiary-14.jpg 1776w\" sizes=\"(max-width: 800px) 100vw, 800px\" \/><\/p>\n","protected":false},"excerpt":{"rendered":"<p>Koszula m\u0119ska AIFOS LONG SLEEVE. Idealne rozwi\u0105zanie jako odzie\u017c robocza dla pracownik\u00f3w. Sprawdza si\u0119 zar\u00f3wno w biurze, hotelu, restauracji,\u00a0jak r\u00f3wnie\u017c jako odzie\u017c medyczna. \u015awietnie nadaje si\u0119 pod nadruk, jak i pod haft.<\/p>\n","protected":false},"featured_media":1009,"comment_status":"open","ping_status":"closed","template":"","meta":[],"product_brand":[],"product_cat":[27,21],"product_tag":[],"class_list":{"0":"post-958","1":"product","2":"type-product","3":"status-publish","4":"has-post-thumbnail","6":"product_cat-koszule","7":"product_cat-odziez-reklamowa","9":"first","10":"instock","11":"taxable","12":"shipping-taxable","13":"purchasable","14":"product-type-variable"},"_links":{"self":[{"href":"https:\/\/stk.sklep.pl\/index.php?rest_route=\/wp\/v2\/product\/958","targetHints":{"allow":["GET"]}}],"collection":[{"href":"https:\/\/stk.sklep.pl\/index.php?rest_route=\/wp\/v2\/product"}],"about":[{"href":"https:\/\/stk.sklep.pl\/index.php?rest_route=\/wp\/v2\/types\/product"}],"replies":[{"embeddable":true,"href":"https:\/\/stk.sklep.pl\/index.php?rest_route=%2Fwp%2Fv2%2Fcomments&post=958"}],"wp:featuredmedia":[{"embeddable":true,"href":"https:\/\/stk.sklep.pl\/index.php?rest_route=\/wp\/v2\/media\/1009"}],"wp:attachment":[{"href":"https:\/\/stk.sklep.pl\/index.php?rest_route=%2Fwp%2Fv2%2Fmedia&parent=958"}],"wp:term":[{"taxonomy":"product_brand","embeddable":true,"href":"https:\/\/stk.sklep.pl\/index.php?rest_route=%2Fwp%2Fv2%2Fproduct_brand&post=958"},{"taxonomy":"product_cat","embeddable":true,"href":"https:\/\/stk.sklep.pl\/index.php?rest_route=%2Fwp%2Fv2%2Fproduct_cat&post=958"},{"taxonomy":"product_tag","embeddable":true,"href":"https:\/\/stk.sklep.pl\/index.php?rest_route=%2Fwp%2Fv2%2Fproduct_tag&post=958"}],"curies":[{"name":"wp","href":"https:\/\/api.w.org\/{rel}","templated":true}]}}