{"id":918,"date":"2025-07-20T11:30:19","date_gmt":"2025-07-20T09:30:19","guid":{"rendered":"https:\/\/stk.sklep.pl\/?post_type=product&#038;p=918"},"modified":"2026-01-08T11:57:27","modified_gmt":"2026-01-08T10:57:27","slug":"terrano-bluza-polarowa","status":"publish","type":"product","link":"https:\/\/stk.sklep.pl\/?product=terrano-bluza-polarowa","title":{"rendered":"TERRANO &#8211; Bluza polarowa"},"content":{"rendered":"<div id=\"product-left\" class=\"col-md-5 col-sm-6\">\n<div id=\"product-photo-big\">\n<div class=\"bigphoto-wrapp\">\n<div class=\"bx-wrapper\">\n<div class=\"bx-controls bx-has-controls-direction\"><\/div>\n<\/div>\n<\/div>\n<div class=\"thumbwrapp\">\n<div class=\"bx-wrapper\">\n<div class=\"bx-controls bx-has-controls-direction\">\n<div class=\"bx-controls-direction\">&#8211; Wysoki ko\u0142nierz z kontrastuj\u0105cym zamkiem b\u0142yskawicznym.<\/div>\n<\/div>\n<\/div>\n<\/div>\n<\/div>\n<\/div>\n<div id=\"product-right\" class=\"col-md-7 col-sm-6\">\n<div id=\"product-right-wrapper\">\n<div class=\"product-info-desc\">\n<div class=\"prod-desc\">\n<div id=\"desc1\" class=\"description\" tabindex=\"5000\">\n<div class=\"product-description\">\n<p>&#8211; Kontrastuj\u0105ce fragmenty ramion i detale.<\/p>\n<p>&#8211; Kieszenie boczne zapinane na zamek.<\/p>\n<p>&#8211; Zako\u0144czenia r\u0119kaw\u00f3w i sp\u00f3d z regulacj\u0105 boczn\u0105.<\/p>\n<p>&nbsp;<\/p>\n<\/div>\n<\/div>\n<\/div>\n<\/div>\n<\/div>\n<\/div>\n<p><img fetchpriority=\"high\" decoding=\"async\" class=\"wp-image-953 size-large alignnone\" src=\"http:\/\/stk.sklep.pl\/wp-content\/uploads\/2025\/07\/rozmiary-13-1024x275.jpg\" alt=\"\" width=\"800\" height=\"215\" srcset=\"https:\/\/stk.sklep.pl\/wp-content\/uploads\/2025\/07\/rozmiary-13-1024x275.jpg 1024w, https:\/\/stk.sklep.pl\/wp-content\/uploads\/2025\/07\/rozmiary-13-300x81.jpg 300w, https:\/\/stk.sklep.pl\/wp-content\/uploads\/2025\/07\/rozmiary-13-768x206.jpg 768w, https:\/\/stk.sklep.pl\/wp-content\/uploads\/2025\/07\/rozmiary-13-1536x413.jpg 1536w, https:\/\/stk.sklep.pl\/wp-content\/uploads\/2025\/07\/rozmiary-13-600x161.jpg 600w, https:\/\/stk.sklep.pl\/wp-content\/uploads\/2025\/07\/rozmiary-13.jpg 1776w\" sizes=\"(max-width: 800px) 100vw, 800px\" \/><\/p>\n","protected":false},"excerpt":{"rendered":"<p>Wielokolorowa kurtka polarowa.<\/p>\n","protected":false},"featured_media":947,"comment_status":"open","ping_status":"closed","template":"","meta":[],"product_brand":[],"product_cat":[32,24,43],"product_tag":[],"class_list":{"0":"post-918","1":"product","2":"type-product","3":"status-publish","4":"has-post-thumbnail","6":"product_cat-odziez-robocza","7":"product_cat-polary","8":"product_cat-polary-firmowe","10":"first","11":"instock","12":"taxable","13":"shipping-taxable","14":"purchasable","15":"product-type-variable"},"_links":{"self":[{"href":"https:\/\/stk.sklep.pl\/index.php?rest_route=\/wp\/v2\/product\/918","targetHints":{"allow":["GET"]}}],"collection":[{"href":"https:\/\/stk.sklep.pl\/index.php?rest_route=\/wp\/v2\/product"}],"about":[{"href":"https:\/\/stk.sklep.pl\/index.php?rest_route=\/wp\/v2\/types\/product"}],"replies":[{"embeddable":true,"href":"https:\/\/stk.sklep.pl\/index.php?rest_route=%2Fwp%2Fv2%2Fcomments&post=918"}],"wp:featuredmedia":[{"embeddable":true,"href":"https:\/\/stk.sklep.pl\/index.php?rest_route=\/wp\/v2\/media\/947"}],"wp:attachment":[{"href":"https:\/\/stk.sklep.pl\/index.php?rest_route=%2Fwp%2Fv2%2Fmedia&parent=918"}],"wp:term":[{"taxonomy":"product_brand","embeddable":true,"href":"https:\/\/stk.sklep.pl\/index.php?rest_route=%2Fwp%2Fv2%2Fproduct_brand&post=918"},{"taxonomy":"product_cat","embeddable":true,"href":"https:\/\/stk.sklep.pl\/index.php?rest_route=%2Fwp%2Fv2%2Fproduct_cat&post=918"},{"taxonomy":"product_tag","embeddable":true,"href":"https:\/\/stk.sklep.pl\/index.php?rest_route=%2Fwp%2Fv2%2Fproduct_tag&post=918"}],"curies":[{"name":"wp","href":"https:\/\/api.w.org\/{rel}","templated":true}]}}