{"id":74,"date":"2025-07-19T22:19:32","date_gmt":"2025-07-19T20:19:32","guid":{"rendered":"https:\/\/stk.sklep.pl\/?post_type=product&#038;p=74"},"modified":"2026-01-25T22:34:33","modified_gmt":"2026-01-25T21:34:33","slug":"dogo-premium-koszulka","status":"publish","type":"product","link":"https:\/\/stk.sklep.pl\/?product=dogo-premium-koszulka","title":{"rendered":"Dogo Premium"},"content":{"rendered":"<p><strong>PRODUKT:\u00a0<\/strong><\/p>\n<p>T-shirt z kr\u00f3tkim r\u0119kawem. Czterowarstwowy okr\u0105g\u0142y ko\u0142nierzyk.<\/p>\n<p>Wzmocnione kryte szwy na karku i ramionach. Szwy boczne.<\/p>\n<p><strong>UWAGI:<\/strong>\u00a0Doskona\u0142e wyko\u0144czenie i mi\u0119kko\u015b\u0107. Usuwalna metka.<\/p>\n<p>&nbsp;<\/p>\n<p class=\"\\\"><strong>ROZMIAR XXXXL<\/strong>\u00a0dost\u0119pny\u00a0tylko w kolorach: bia\u0142y(01), czarny(02), granatowy(55), butelkowa ziele\u0144(56), szary(58), kr\u00f3lewski niebieski(05).<\/p>\n<p class=\"\\\"><strong>ROZMIAR XXXXXL<\/strong>\u00a0dost\u0119pny\u00a0tylko w kolorze: bia\u0142y(01), czarny (02)<\/p>\n<p><img fetchpriority=\"high\" decoding=\"async\" class=\"alignnone wp-image-1163 size-large\" src=\"http:\/\/stk.sklep.pl\/wp-content\/uploads\/2025\/07\/rozm-2-1024x509.jpg\" alt=\"\" width=\"800\" height=\"398\" srcset=\"https:\/\/stk.sklep.pl\/wp-content\/uploads\/2025\/07\/rozm-2-1024x509.jpg 1024w, https:\/\/stk.sklep.pl\/wp-content\/uploads\/2025\/07\/rozm-2-300x149.jpg 300w, https:\/\/stk.sklep.pl\/wp-content\/uploads\/2025\/07\/rozm-2-768x381.jpg 768w, https:\/\/stk.sklep.pl\/wp-content\/uploads\/2025\/07\/rozm-2-1536x763.jpg 1536w, https:\/\/stk.sklep.pl\/wp-content\/uploads\/2025\/07\/rozm-2-600x298.jpg 600w, https:\/\/stk.sklep.pl\/wp-content\/uploads\/2025\/07\/rozm-2.jpg 1776w\" sizes=\"(max-width: 800px) 100vw, 800px\" \/><\/p>\n","protected":false},"excerpt":{"rendered":"<p>Koszulka m\u0119ska DOGO PREMIUM. Koszulka stosowana zar\u00f3wno do akcji promocyjnych, jak r\u00f3wnie\u017c jako odzie\u017c sportowa i robocza. Wysokiej jako\u015bci koszulka wykonana z bawe\u0142ny single jersey &#8211; wyj\u0105tkowo mi\u0119kka w dotyku. T-shirt idealny pod nadruk. DOGO PREMIUM posiada usuwaln\u0105 metk\u0119, dzi\u0119ki czemu mo\u017cesz stworzy\u0107 w\u0142asn\u0105 lini\u0119 odzie\u017cy.<\/p>\n","protected":false},"featured_media":3842,"comment_status":"open","ping_status":"closed","template":"","meta":[],"product_brand":[],"product_cat":[28,41,36,37,42,39,38,21,32,40,35,34,22],"product_tag":[],"class_list":{"0":"post-74","1":"product","2":"type-product","3":"status-publish","4":"has-post-thumbnail","6":"product_cat-bawelniane","7":"product_cat-eventy","8":"product_cat-gastronomia","9":"product_cat-hotelarstwo","10":"product_cat-koszulki-robocze","11":"product_cat-magazyn-i-transport","12":"product_cat-medycyna-i-spa","13":"product_cat-odziez-reklamowa","14":"product_cat-odziez-robocza","15":"product_cat-przemysl","16":"product_cat-sport","17":"product_cat-strefa-branzowa","18":"product_cat-t-shirty","20":"first","21":"instock","22":"taxable","23":"shipping-taxable","24":"purchasable","25":"product-type-variable"},"_links":{"self":[{"href":"https:\/\/stk.sklep.pl\/index.php?rest_route=\/wp\/v2\/product\/74","targetHints":{"allow":["GET"]}}],"collection":[{"href":"https:\/\/stk.sklep.pl\/index.php?rest_route=\/wp\/v2\/product"}],"about":[{"href":"https:\/\/stk.sklep.pl\/index.php?rest_route=\/wp\/v2\/types\/product"}],"replies":[{"embeddable":true,"href":"https:\/\/stk.sklep.pl\/index.php?rest_route=%2Fwp%2Fv2%2Fcomments&post=74"}],"wp:featuredmedia":[{"embeddable":true,"href":"https:\/\/stk.sklep.pl\/index.php?rest_route=\/wp\/v2\/media\/3842"}],"wp:attachment":[{"href":"https:\/\/stk.sklep.pl\/index.php?rest_route=%2Fwp%2Fv2%2Fmedia&parent=74"}],"wp:term":[{"taxonomy":"product_brand","embeddable":true,"href":"https:\/\/stk.sklep.pl\/index.php?rest_route=%2Fwp%2Fv2%2Fproduct_brand&post=74"},{"taxonomy":"product_cat","embeddable":true,"href":"https:\/\/stk.sklep.pl\/index.php?rest_route=%2Fwp%2Fv2%2Fproduct_cat&post=74"},{"taxonomy":"product_tag","embeddable":true,"href":"https:\/\/stk.sklep.pl\/index.php?rest_route=%2Fwp%2Fv2%2Fproduct_tag&post=74"}],"curies":[{"name":"wp","href":"https:\/\/api.w.org\/{rel}","templated":true}]}}