{"id":719,"date":"2025-07-20T10:04:48","date_gmt":"2025-07-20T08:04:48","guid":{"rendered":"https:\/\/stk.sklep.pl\/?post_type=product&#038;p=719"},"modified":"2025-07-20T10:16:09","modified_gmt":"2025-07-20T08:16:09","slug":"star-woman","status":"publish","type":"product","link":"https:\/\/stk.sklep.pl\/?product=star-woman","title":{"rendered":"Star Woman"},"content":{"rendered":"<p>Kr\u00f3tki r\u0119kaw. Wzmocnione, kryte szwy przy ko\u0142nierzyku. Pr\u0105\u017ckowany ko\u0142nierzyk i mankiety. Szwy boczne i dopasowany kr\u00f3j. Zapi\u0119cie na trzy guziczki. Rozci\u0119cia po bokach.<\/p>\n<p>&nbsp;<\/p>\n<p><img fetchpriority=\"high\" decoding=\"async\" class=\"alignnone wp-image-776 size-large\" src=\"http:\/\/stk.sklep.pl\/wp-content\/uploads\/2025\/07\/rozmiary-3-1024x275.jpg\" alt=\"\" width=\"800\" height=\"215\" srcset=\"https:\/\/stk.sklep.pl\/wp-content\/uploads\/2025\/07\/rozmiary-3-1024x275.jpg 1024w, https:\/\/stk.sklep.pl\/wp-content\/uploads\/2025\/07\/rozmiary-3-300x81.jpg 300w, https:\/\/stk.sklep.pl\/wp-content\/uploads\/2025\/07\/rozmiary-3-768x206.jpg 768w, https:\/\/stk.sklep.pl\/wp-content\/uploads\/2025\/07\/rozmiary-3-1536x413.jpg 1536w, https:\/\/stk.sklep.pl\/wp-content\/uploads\/2025\/07\/rozmiary-3-600x161.jpg 600w, https:\/\/stk.sklep.pl\/wp-content\/uploads\/2025\/07\/rozmiary-3.jpg 1776w\" sizes=\"(max-width: 800px) 100vw, 800px\" \/><\/p>\n","protected":false},"excerpt":{"rendered":"<p>Koszulka polo STAR WOMAN. Koszulka stosowana zar\u00f3wno do akcji promocyjnych, jak r\u00f3wnie\u017c jako odzie\u017c sportowa i robocza. Wysokiej jako\u015bci koszulka polo idealna pod nadruk i haft.<\/p>\n","protected":false},"featured_media":769,"comment_status":"open","ping_status":"closed","template":"","meta":[],"product_brand":[],"product_cat":[36,23,21],"product_tag":[],"class_list":{"0":"post-719","1":"product","2":"type-product","3":"status-publish","4":"has-post-thumbnail","6":"product_cat-gastronomia","7":"product_cat-koszulki-polo","8":"product_cat-odziez-reklamowa","10":"first","11":"instock","12":"taxable","13":"shipping-taxable","14":"purchasable","15":"product-type-variable"},"_links":{"self":[{"href":"https:\/\/stk.sklep.pl\/index.php?rest_route=\/wp\/v2\/product\/719","targetHints":{"allow":["GET"]}}],"collection":[{"href":"https:\/\/stk.sklep.pl\/index.php?rest_route=\/wp\/v2\/product"}],"about":[{"href":"https:\/\/stk.sklep.pl\/index.php?rest_route=\/wp\/v2\/types\/product"}],"replies":[{"embeddable":true,"href":"https:\/\/stk.sklep.pl\/index.php?rest_route=%2Fwp%2Fv2%2Fcomments&post=719"}],"wp:featuredmedia":[{"embeddable":true,"href":"https:\/\/stk.sklep.pl\/index.php?rest_route=\/wp\/v2\/media\/769"}],"wp:attachment":[{"href":"https:\/\/stk.sklep.pl\/index.php?rest_route=%2Fwp%2Fv2%2Fmedia&parent=719"}],"wp:term":[{"taxonomy":"product_brand","embeddable":true,"href":"https:\/\/stk.sklep.pl\/index.php?rest_route=%2Fwp%2Fv2%2Fproduct_brand&post=719"},{"taxonomy":"product_cat","embeddable":true,"href":"https:\/\/stk.sklep.pl\/index.php?rest_route=%2Fwp%2Fv2%2Fproduct_cat&post=719"},{"taxonomy":"product_tag","embeddable":true,"href":"https:\/\/stk.sklep.pl\/index.php?rest_route=%2Fwp%2Fv2%2Fproduct_tag&post=719"}],"curies":[{"name":"wp","href":"https:\/\/api.w.org\/{rel}","templated":true}]}}