{"id":5278,"date":"2026-02-02T22:28:14","date_gmt":"2026-02-02T21:28:14","guid":{"rendered":"https:\/\/stk.sklep.pl\/?post_type=product&#038;p=5278"},"modified":"2026-02-02T22:49:19","modified_gmt":"2026-02-02T21:49:19","slug":"full-zip-sweatshirt","status":"publish","type":"product","link":"https:\/\/stk.sklep.pl\/?product=full-zip-sweatshirt","title":{"rendered":"Bluza SWRA KNG"},"content":{"rendered":"<p>Model posiada kaptur ze sznurkami w kolorze bluzy, kt\u00f3ry chroni przed wiatrem i ch\u0142odem, oraz naszyt\u0105 kiesze\u0144 typu kangur, idealn\u0105 do ogrzania r\u0105k lub przechowywania drobiazg\u00f3w. Elastyczne \u015bci\u0105gacze 2&#215;1 przy r\u0119kawach i u do\u0142u bluzy zapewniaj\u0105 idealne dopasowanie, a \u0142atwo usuwalna metka u\u0142atwia personalizacj\u0119 \u2014 bluza \u015bwietnie sprawdzi si\u0119 jako element odzie\u017cy firmowej lub reklamowej.<\/p>\n<p>&nbsp;<\/p>\n<h5>Cechy produktu:<\/h5>\n<ul>\n<li>Bluza m\u0119ska z kapturem<\/li>\n<li>Naszyta kiesze\u0144-kangurka<\/li>\n<li>kaptur ze sznurkami w kolorze bluzy<\/li>\n<li>Elastyczne \u015bci\u0105gacze 2&#215;1 r\u0119kaw\u00f3w i u do\u0142u bluzy<\/li>\n<li>\u0141atwo usuwalna metka<\/li>\n<\/ul>\n<p><img fetchpriority=\"high\" decoding=\"async\" class=\"alignnone wp-image-5314 \" src=\"http:\/\/stk.sklep.pl\/wp-content\/uploads\/2026\/02\/rozm-3.jpg\" alt=\"\" width=\"851\" height=\"193\" srcset=\"https:\/\/stk.sklep.pl\/wp-content\/uploads\/2026\/02\/rozm-3.jpg 1776w, https:\/\/stk.sklep.pl\/wp-content\/uploads\/2026\/02\/rozm-3-300x68.jpg 300w, https:\/\/stk.sklep.pl\/wp-content\/uploads\/2026\/02\/rozm-3-1024x232.jpg 1024w, https:\/\/stk.sklep.pl\/wp-content\/uploads\/2026\/02\/rozm-3-768x174.jpg 768w, https:\/\/stk.sklep.pl\/wp-content\/uploads\/2026\/02\/rozm-3-1536x349.jpg 1536w, https:\/\/stk.sklep.pl\/wp-content\/uploads\/2026\/02\/rozm-3-600x136.jpg 600w\" sizes=\"(max-width: 851px) 100vw, 851px\" \/><\/p>\n","protected":false},"excerpt":{"rendered":"<p>Klasyczna m\u0119ska bluza dresowa SWRAKNG to po\u0142\u0105czenie wygody, funkcjonalno\u015bci i solidnego wykonania. Wykonana z wysokiej jako\u015bci mieszanki bawe\u0142ny i poliestru, zapewnia trwa\u0142o\u015b\u0107, mi\u0119kko\u015b\u0107 i komfort u\u017cytkowania ka\u017cdego dnia.<\/p>\n","protected":false},"featured_media":5363,"comment_status":"open","ping_status":"closed","template":"","meta":[],"product_brand":[54],"product_cat":[53,25,41,36,37,39,38,21,32,40,35,34],"product_tag":[],"class_list":{"0":"post-5278","1":"product","2":"type-product","3":"status-publish","4":"has-post-thumbnail","6":"product_brand-jhk","7":"product_cat-bluzy-odziez-robocza","8":"product_cat-bluzy","9":"product_cat-eventy","10":"product_cat-gastronomia","11":"product_cat-hotelarstwo","12":"product_cat-magazyn-i-transport","13":"product_cat-medycyna-i-spa","14":"product_cat-odziez-reklamowa","15":"product_cat-odziez-robocza","16":"product_cat-przemysl","17":"product_cat-sport","18":"product_cat-strefa-branzowa","20":"first","21":"instock","22":"taxable","23":"shipping-taxable","24":"purchasable","25":"product-type-variable"},"_links":{"self":[{"href":"https:\/\/stk.sklep.pl\/index.php?rest_route=\/wp\/v2\/product\/5278","targetHints":{"allow":["GET"]}}],"collection":[{"href":"https:\/\/stk.sklep.pl\/index.php?rest_route=\/wp\/v2\/product"}],"about":[{"href":"https:\/\/stk.sklep.pl\/index.php?rest_route=\/wp\/v2\/types\/product"}],"replies":[{"embeddable":true,"href":"https:\/\/stk.sklep.pl\/index.php?rest_route=%2Fwp%2Fv2%2Fcomments&post=5278"}],"wp:featuredmedia":[{"embeddable":true,"href":"https:\/\/stk.sklep.pl\/index.php?rest_route=\/wp\/v2\/media\/5363"}],"wp:attachment":[{"href":"https:\/\/stk.sklep.pl\/index.php?rest_route=%2Fwp%2Fv2%2Fmedia&parent=5278"}],"wp:term":[{"taxonomy":"product_brand","embeddable":true,"href":"https:\/\/stk.sklep.pl\/index.php?rest_route=%2Fwp%2Fv2%2Fproduct_brand&post=5278"},{"taxonomy":"product_cat","embeddable":true,"href":"https:\/\/stk.sklep.pl\/index.php?rest_route=%2Fwp%2Fv2%2Fproduct_cat&post=5278"},{"taxonomy":"product_tag","embeddable":true,"href":"https:\/\/stk.sklep.pl\/index.php?rest_route=%2Fwp%2Fv2%2Fproduct_tag&post=5278"}],"curies":[{"name":"wp","href":"https:\/\/api.w.org\/{rel}","templated":true}]}}