{"id":4986,"date":"2026-02-02T22:13:55","date_gmt":"2026-02-02T21:13:55","guid":{"rendered":"https:\/\/stk.sklep.pl\/?post_type=product&#038;p=4986"},"modified":"2026-02-02T22:26:20","modified_gmt":"2026-02-02T21:26:20","slug":"half-zip-sweatshirt","status":"publish","type":"product","link":"https:\/\/stk.sklep.pl\/?product=half-zip-sweatshirt","title":{"rendered":"Half Zip Sweatshirt"},"content":{"rendered":"<p>M\u0119ska bluza zapinana pod szyj\u0105 na kr\u00f3tki zamek<br \/>\nWysoka st\u00f3jka<br \/>\nElastyczne \u015bci\u0105gacze 2&#215;1 r\u0119kaw\u00f3w i u do\u0142u bluzy.<\/p>\n<p>&nbsp;<\/p>\n<p><img fetchpriority=\"high\" decoding=\"async\" class=\"alignnone wp-image-5236 \" src=\"http:\/\/stk.sklep.pl\/wp-content\/uploads\/2026\/02\/rozm-2.jpg\" alt=\"\" width=\"848\" height=\"141\" srcset=\"https:\/\/stk.sklep.pl\/wp-content\/uploads\/2026\/02\/rozm-2.jpg 1776w, https:\/\/stk.sklep.pl\/wp-content\/uploads\/2026\/02\/rozm-2-300x50.jpg 300w, https:\/\/stk.sklep.pl\/wp-content\/uploads\/2026\/02\/rozm-2-1024x171.jpg 1024w, https:\/\/stk.sklep.pl\/wp-content\/uploads\/2026\/02\/rozm-2-768x128.jpg 768w, https:\/\/stk.sklep.pl\/wp-content\/uploads\/2026\/02\/rozm-2-1536x256.jpg 1536w, https:\/\/stk.sklep.pl\/wp-content\/uploads\/2026\/02\/rozm-2-600x100.jpg 600w\" sizes=\"(max-width: 848px) 100vw, 848px\" \/><\/p>\n","protected":false},"excerpt":{"rendered":"<p>M\u0119ska bluza ze st\u00f3jk\u0105 zapinana na d\u0142ugi zamek<\/p>\n","protected":false},"featured_media":5242,"comment_status":"open","ping_status":"closed","template":"","meta":[],"product_brand":[],"product_cat":[53,25,41,36,37,39,38,21,32,40,35,34],"product_tag":[],"class_list":{"0":"post-4986","1":"product","2":"type-product","3":"status-publish","4":"has-post-thumbnail","6":"product_cat-bluzy-odziez-robocza","7":"product_cat-bluzy","8":"product_cat-eventy","9":"product_cat-gastronomia","10":"product_cat-hotelarstwo","11":"product_cat-magazyn-i-transport","12":"product_cat-medycyna-i-spa","13":"product_cat-odziez-reklamowa","14":"product_cat-odziez-robocza","15":"product_cat-przemysl","16":"product_cat-sport","17":"product_cat-strefa-branzowa","19":"first","20":"instock","21":"taxable","22":"shipping-taxable","23":"purchasable","24":"product-type-variable"},"_links":{"self":[{"href":"https:\/\/stk.sklep.pl\/index.php?rest_route=\/wp\/v2\/product\/4986","targetHints":{"allow":["GET"]}}],"collection":[{"href":"https:\/\/stk.sklep.pl\/index.php?rest_route=\/wp\/v2\/product"}],"about":[{"href":"https:\/\/stk.sklep.pl\/index.php?rest_route=\/wp\/v2\/types\/product"}],"replies":[{"embeddable":true,"href":"https:\/\/stk.sklep.pl\/index.php?rest_route=%2Fwp%2Fv2%2Fcomments&post=4986"}],"wp:featuredmedia":[{"embeddable":true,"href":"https:\/\/stk.sklep.pl\/index.php?rest_route=\/wp\/v2\/media\/5242"}],"wp:attachment":[{"href":"https:\/\/stk.sklep.pl\/index.php?rest_route=%2Fwp%2Fv2%2Fmedia&parent=4986"}],"wp:term":[{"taxonomy":"product_brand","embeddable":true,"href":"https:\/\/stk.sklep.pl\/index.php?rest_route=%2Fwp%2Fv2%2Fproduct_brand&post=4986"},{"taxonomy":"product_cat","embeddable":true,"href":"https:\/\/stk.sklep.pl\/index.php?rest_route=%2Fwp%2Fv2%2Fproduct_cat&post=4986"},{"taxonomy":"product_tag","embeddable":true,"href":"https:\/\/stk.sklep.pl\/index.php?rest_route=%2Fwp%2Fv2%2Fproduct_tag&post=4986"}],"curies":[{"name":"wp","href":"https:\/\/api.w.org\/{rel}","templated":true}]}}