{"id":4944,"date":"2026-02-02T22:03:16","date_gmt":"2026-02-02T21:03:16","guid":{"rendered":"https:\/\/stk.sklep.pl\/?post_type=product&#038;p=4944"},"modified":"2026-02-02T22:10:20","modified_gmt":"2026-02-02T21:10:20","slug":"maverick-bluza","status":"publish","type":"product","link":"https:\/\/stk.sklep.pl\/?product=maverick-bluza","title":{"rendered":"MAVERICK &#8211; Bluza"},"content":{"rendered":"<div id=\"product-left\" class=\"col-md-5 col-sm-6\">\n<div id=\"product-photo-big\">\n<div class=\"bigphoto-wrapp\">\n<div class=\"bx-wrapper\">\n<div class=\"bx-controls bx-has-controls-direction\">\n<p><strong>Bluza<\/strong>\u00a0z zamkiem przy ko\u0142nierzyku<\/p>\n<p>&#8211; Wyko\u0144czenie z pr\u0105\u017ckowanej\u00a0dzianiny<\/p>\n<p>&#8211; Detale w kontrastuj\u0105cych kolorach<\/p>\n<\/div>\n<\/div>\n<\/div>\n<\/div>\n<\/div>\n<div id=\"product-right\" class=\"col-md-7 col-sm-6\">\n<div id=\"product-right-wrapper\">\n<div class=\"product-info-desc\">\n<div class=\"prod-desc\">\n<div id=\"desc1\" class=\"description\" tabindex=\"5000\">\n<div class=\"product-description\">\n<p>&nbsp;<\/p>\n<\/div>\n<\/div>\n<\/div>\n<\/div>\n<\/div>\n<\/div>\n<p><img fetchpriority=\"high\" decoding=\"async\" class=\"alignnone wp-image-4978 \" src=\"http:\/\/stk.sklep.pl\/wp-content\/uploads\/2026\/02\/rozm-1.jpg\" alt=\"\" width=\"777\" height=\"229\" srcset=\"https:\/\/stk.sklep.pl\/wp-content\/uploads\/2026\/02\/rozm-1.jpg 1776w, https:\/\/stk.sklep.pl\/wp-content\/uploads\/2026\/02\/rozm-1-300x89.jpg 300w, https:\/\/stk.sklep.pl\/wp-content\/uploads\/2026\/02\/rozm-1-1024x302.jpg 1024w, https:\/\/stk.sklep.pl\/wp-content\/uploads\/2026\/02\/rozm-1-768x227.jpg 768w, https:\/\/stk.sklep.pl\/wp-content\/uploads\/2026\/02\/rozm-1-1536x453.jpg 1536w, https:\/\/stk.sklep.pl\/wp-content\/uploads\/2026\/02\/rozm-1-600x177.jpg 600w\" sizes=\"(max-width: 777px) 100vw, 777px\" \/><\/p>\n","protected":false},"excerpt":{"rendered":"<p>Wielokolorowa kurtka polarowa.<\/p>\n","protected":false},"featured_media":4973,"comment_status":"open","ping_status":"closed","template":"","meta":[],"product_brand":[],"product_cat":[53,25,21,32,24,40,34],"product_tag":[],"class_list":{"0":"post-4944","1":"product","2":"type-product","3":"status-publish","4":"has-post-thumbnail","6":"product_cat-bluzy-odziez-robocza","7":"product_cat-bluzy","8":"product_cat-odziez-reklamowa","9":"product_cat-odziez-robocza","10":"product_cat-polary","11":"product_cat-przemysl","12":"product_cat-strefa-branzowa","14":"first","15":"instock","16":"taxable","17":"shipping-taxable","18":"purchasable","19":"product-type-variable"},"_links":{"self":[{"href":"https:\/\/stk.sklep.pl\/index.php?rest_route=\/wp\/v2\/product\/4944","targetHints":{"allow":["GET"]}}],"collection":[{"href":"https:\/\/stk.sklep.pl\/index.php?rest_route=\/wp\/v2\/product"}],"about":[{"href":"https:\/\/stk.sklep.pl\/index.php?rest_route=\/wp\/v2\/types\/product"}],"replies":[{"embeddable":true,"href":"https:\/\/stk.sklep.pl\/index.php?rest_route=%2Fwp%2Fv2%2Fcomments&post=4944"}],"wp:featuredmedia":[{"embeddable":true,"href":"https:\/\/stk.sklep.pl\/index.php?rest_route=\/wp\/v2\/media\/4973"}],"wp:attachment":[{"href":"https:\/\/stk.sklep.pl\/index.php?rest_route=%2Fwp%2Fv2%2Fmedia&parent=4944"}],"wp:term":[{"taxonomy":"product_brand","embeddable":true,"href":"https:\/\/stk.sklep.pl\/index.php?rest_route=%2Fwp%2Fv2%2Fproduct_brand&post=4944"},{"taxonomy":"product_cat","embeddable":true,"href":"https:\/\/stk.sklep.pl\/index.php?rest_route=%2Fwp%2Fv2%2Fproduct_cat&post=4944"},{"taxonomy":"product_tag","embeddable":true,"href":"https:\/\/stk.sklep.pl\/index.php?rest_route=%2Fwp%2Fv2%2Fproduct_tag&post=4944"}],"curies":[{"name":"wp","href":"https:\/\/api.w.org\/{rel}","templated":true}]}}