{"id":4636,"date":"2026-02-02T21:44:07","date_gmt":"2026-02-02T20:44:07","guid":{"rendered":"https:\/\/stk.sklep.pl\/?post_type=product&#038;p=4636"},"modified":"2026-02-02T21:59:49","modified_gmt":"2026-02-02T20:59:49","slug":"badet-bluza-z-kapturem","status":"publish","type":"product","link":"https:\/\/stk.sklep.pl\/?product=badet-bluza-z-kapturem","title":{"rendered":"BADET &#8211; bluza z kapturem"},"content":{"rendered":"<p><strong>PRODUKT:<\/strong><\/p>\n<p>Bluza m\u0119ska URBAN.\u00a0Bluza wykorzystywana zar\u00f3wno jako odzie\u017c codzienna, sportowa, BHP, jak r\u00f3wnie\u017c w r\u00f3\u017cnego rodzaju akcjach reklamowych.<\/p>\n<p>Dzi\u0119ki domieszce poliestru bluza charakteryzuje si\u0119 wysokim stopniem wytrzyma\u0142o\u015bci. \u015awietnie nadaje si\u0119 pod nadruk, jak i pod haft. URBAN posiada usuwaln\u0105 metk\u0119, dzi\u0119ki czemu mo\u017cesz stworzy\u0107 w\u0142asn\u0105 lini\u0119 odzie\u017cy.<\/p>\n<p><strong>KOLORY W ROZMIARZE\u00a04XL:\u00a0<\/strong>czarno-szary (0258), szaro-czarny (5802), granatowo-szary (5558), bia\u0142y (01), szary (58)<\/p>\n<p>&nbsp;<\/p>\n<p><strong>KOLORY W ROZMIARZE DZIECICYM:\u00a0<\/strong>szaro-czarny (5802), czerwono-czarny (6002), b\u0142\u0119kitno-bia\u0142y (1001), kelly zielono-bia\u0142y (2001), bia\u0142o-granatowy (0155), czarno-szary (0258), kr\u00f3lewko niebiesko-bia\u0142y (0501), jasno r\u00f3\u017cowo-szary (4858), granatowo-szary (5558),\u00a0\u00a0bia\u0142y (01), czerwony (60), r\u00f3\u017cowy (78), jasnor\u00f3\u017cowy (48), fioletowy (71), kr\u00f3lewski niebieski (05), turkusowy (12), granatowy (55), szary (58), czarny (02)<\/p>\n<p>&nbsp;<\/p>\n<p><img fetchpriority=\"high\" decoding=\"async\" class=\"alignnone wp-image-4385 \" src=\"http:\/\/stk.sklep.pl\/wp-content\/uploads\/2026\/02\/rozm.jpg\" alt=\"\" width=\"838\" height=\"419\" srcset=\"https:\/\/stk.sklep.pl\/wp-content\/uploads\/2026\/02\/rozm.jpg 1776w, https:\/\/stk.sklep.pl\/wp-content\/uploads\/2026\/02\/rozm-300x150.jpg 300w, https:\/\/stk.sklep.pl\/wp-content\/uploads\/2026\/02\/rozm-1024x512.jpg 1024w, https:\/\/stk.sklep.pl\/wp-content\/uploads\/2026\/02\/rozm-768x384.jpg 768w, https:\/\/stk.sklep.pl\/wp-content\/uploads\/2026\/02\/rozm-1536x768.jpg 1536w, https:\/\/stk.sklep.pl\/wp-content\/uploads\/2026\/02\/rozm-600x300.jpg 600w\" sizes=\"(max-width: 838px) 100vw, 838px\" \/><\/p>\n","protected":false},"excerpt":{"rendered":"<p>Bluza dwukolorowa unisex. Kaptur ze skrzy\u017cowanym ko\u0142nierzem i metalowymi oczkami, kontrastuj\u0105ce wn\u0119trze i sznurki. Kiesze\u0144 w stylu kangurka. Elastyczne \u015bci\u0105gacze przy mankietach i w talii 1&#215;1.<\/p>\n","protected":false},"featured_media":4880,"comment_status":"open","ping_status":"closed","template":"","meta":[],"product_brand":[],"product_cat":[25,41,36,37,42,39,38,21,32,40,35,34],"product_tag":[],"class_list":{"0":"post-4636","1":"product","2":"type-product","3":"status-publish","4":"has-post-thumbnail","6":"product_cat-bluzy","7":"product_cat-eventy","8":"product_cat-gastronomia","9":"product_cat-hotelarstwo","10":"product_cat-koszulki-robocze","11":"product_cat-magazyn-i-transport","12":"product_cat-medycyna-i-spa","13":"product_cat-odziez-reklamowa","14":"product_cat-odziez-robocza","15":"product_cat-przemysl","16":"product_cat-sport","17":"product_cat-strefa-branzowa","19":"first","20":"instock","21":"taxable","22":"shipping-taxable","23":"purchasable","24":"product-type-variable"},"_links":{"self":[{"href":"https:\/\/stk.sklep.pl\/index.php?rest_route=\/wp\/v2\/product\/4636","targetHints":{"allow":["GET"]}}],"collection":[{"href":"https:\/\/stk.sklep.pl\/index.php?rest_route=\/wp\/v2\/product"}],"about":[{"href":"https:\/\/stk.sklep.pl\/index.php?rest_route=\/wp\/v2\/types\/product"}],"replies":[{"embeddable":true,"href":"https:\/\/stk.sklep.pl\/index.php?rest_route=%2Fwp%2Fv2%2Fcomments&post=4636"}],"wp:featuredmedia":[{"embeddable":true,"href":"https:\/\/stk.sklep.pl\/index.php?rest_route=\/wp\/v2\/media\/4880"}],"wp:attachment":[{"href":"https:\/\/stk.sklep.pl\/index.php?rest_route=%2Fwp%2Fv2%2Fmedia&parent=4636"}],"wp:term":[{"taxonomy":"product_brand","embeddable":true,"href":"https:\/\/stk.sklep.pl\/index.php?rest_route=%2Fwp%2Fv2%2Fproduct_brand&post=4636"},{"taxonomy":"product_cat","embeddable":true,"href":"https:\/\/stk.sklep.pl\/index.php?rest_route=%2Fwp%2Fv2%2Fproduct_cat&post=4636"},{"taxonomy":"product_tag","embeddable":true,"href":"https:\/\/stk.sklep.pl\/index.php?rest_route=%2Fwp%2Fv2%2Fproduct_tag&post=4636"}],"curies":[{"name":"wp","href":"https:\/\/api.w.org\/{rel}","templated":true}]}}