{"id":395,"date":"2025-07-20T08:56:09","date_gmt":"2025-07-20T06:56:09","guid":{"rendered":"https:\/\/stk.sklep.pl\/?post_type=product&#038;p=395"},"modified":"2025-07-20T09:05:15","modified_gmt":"2025-07-20T07:05:15","slug":"belice-koszulka-damska","status":"publish","type":"product","link":"https:\/\/stk.sklep.pl\/?product=belice-koszulka-damska","title":{"rendered":"Belice &#8211; koszulka damska"},"content":{"rendered":"<p>Koszulka damska BELICE. Koszulka stosowana zar\u00f3wno do akcji promocyjnych, jak r\u00f3wnie\u017c jako odzie\u017c sportowa i robocza. Wysokiej jako\u015bci koszulka wykonana z bawe\u0142ny single jersey \u2013 wyj\u0105tkowo mi\u0119kka w dotyku. Koszulka idealna pod nadruk.\u00a0BELICE posiada usuwaln\u0105 metk\u0119, dzi\u0119ki czemu mo\u017cesz stworzy\u0107 w\u0142asn\u0105 lini\u0119 odzie\u017cy.<\/p>\n<p>* Rozmiar XXXL dost\u0119pny w kolorze:<span class=\"apple-converted-space\">\u00a0<\/span>bia\u0142y(01), czarny(02).<\/p>\n<p><strong><br \/>\nUWAGI:<\/strong><\/p>\n<p>Doskona\u0142e wyko\u0144czenie i mi\u0119kko\u015b\u0107.<\/p>\n<p>&nbsp;<\/p>\n<p><img fetchpriority=\"high\" decoding=\"async\" class=\"alignnone wp-image-499 size-full\" src=\"http:\/\/stk.sklep.pl\/wp-content\/uploads\/2025\/07\/rozmiary-7.jpg\" alt=\"\" width=\"1776\" height=\"477\" srcset=\"https:\/\/stk.sklep.pl\/wp-content\/uploads\/2025\/07\/rozmiary-7.jpg 1776w, https:\/\/stk.sklep.pl\/wp-content\/uploads\/2025\/07\/rozmiary-7-300x81.jpg 300w, https:\/\/stk.sklep.pl\/wp-content\/uploads\/2025\/07\/rozmiary-7-1024x275.jpg 1024w, https:\/\/stk.sklep.pl\/wp-content\/uploads\/2025\/07\/rozmiary-7-768x206.jpg 768w, https:\/\/stk.sklep.pl\/wp-content\/uploads\/2025\/07\/rozmiary-7-1536x413.jpg 1536w, https:\/\/stk.sklep.pl\/wp-content\/uploads\/2025\/07\/rozmiary-7-600x161.jpg 600w\" sizes=\"(max-width: 1776px) 100vw, 1776px\" \/><\/p>\n","protected":false},"excerpt":{"rendered":"<p>Dopasowana koszulka z okr\u0105g\u0142ym dekoltem. Rozci\u0119cie przy ko\u0142nierzyku. Podci\u0119te p\u00f3\u0142r\u0119kawki. Szwy boczne.<\/p>\n","protected":false},"featured_media":412,"comment_status":"open","ping_status":"closed","template":"","meta":[],"product_brand":[],"product_cat":[28,41,36,37,42,39,38,21,32,40,35,34,22],"product_tag":[],"class_list":{"0":"post-395","1":"product","2":"type-product","3":"status-publish","4":"has-post-thumbnail","6":"product_cat-bawelniane","7":"product_cat-eventy","8":"product_cat-gastronomia","9":"product_cat-hotelarstwo","10":"product_cat-koszulki-robocze","11":"product_cat-magazyn-i-transport","12":"product_cat-medycyna-i-spa","13":"product_cat-odziez-reklamowa","14":"product_cat-odziez-robocza","15":"product_cat-przemysl","16":"product_cat-sport","17":"product_cat-strefa-branzowa","18":"product_cat-t-shirty","20":"first","21":"instock","22":"taxable","23":"shipping-taxable","24":"purchasable","25":"product-type-variable"},"_links":{"self":[{"href":"https:\/\/stk.sklep.pl\/index.php?rest_route=\/wp\/v2\/product\/395","targetHints":{"allow":["GET"]}}],"collection":[{"href":"https:\/\/stk.sklep.pl\/index.php?rest_route=\/wp\/v2\/product"}],"about":[{"href":"https:\/\/stk.sklep.pl\/index.php?rest_route=\/wp\/v2\/types\/product"}],"replies":[{"embeddable":true,"href":"https:\/\/stk.sklep.pl\/index.php?rest_route=%2Fwp%2Fv2%2Fcomments&post=395"}],"wp:featuredmedia":[{"embeddable":true,"href":"https:\/\/stk.sklep.pl\/index.php?rest_route=\/wp\/v2\/media\/412"}],"wp:attachment":[{"href":"https:\/\/stk.sklep.pl\/index.php?rest_route=%2Fwp%2Fv2%2Fmedia&parent=395"}],"wp:term":[{"taxonomy":"product_brand","embeddable":true,"href":"https:\/\/stk.sklep.pl\/index.php?rest_route=%2Fwp%2Fv2%2Fproduct_brand&post=395"},{"taxonomy":"product_cat","embeddable":true,"href":"https:\/\/stk.sklep.pl\/index.php?rest_route=%2Fwp%2Fv2%2Fproduct_cat&post=395"},{"taxonomy":"product_tag","embeddable":true,"href":"https:\/\/stk.sklep.pl\/index.php?rest_route=%2Fwp%2Fv2%2Fproduct_tag&post=395"}],"curies":[{"name":"wp","href":"https:\/\/api.w.org\/{rel}","templated":true}]}}