{"id":3843,"date":"2026-01-26T09:00:14","date_gmt":"2026-01-26T08:00:14","guid":{"rendered":"https:\/\/stk.sklep.pl\/?post_type=product&#038;p=3843"},"modified":"2026-01-26T09:24:35","modified_gmt":"2026-01-26T08:24:35","slug":"stafford-koszulka","status":"publish","type":"product","link":"https:\/\/stk.sklep.pl\/?product=stafford-koszulka","title":{"rendered":"STAFFORD &#8211; Koszulka"},"content":{"rendered":"<p><strong>PRODUKT:<\/strong><\/p>\n<p>T-shirt z kr\u00f3tkim r\u0119kawem. Okr\u0105g\u0142y dekolt z elastanem. Boczne szwy w rozmiarach dzieci\u0119cych.<\/p>\n<p><strong>UWAGI:<\/strong><\/p>\n<p>Dost\u0119pne rozmiary dzieci\u0119ce.<\/p>\n<p><strong>ROZMIAR XXXXL<\/strong>\u00a0dost\u0119pny tylko w kolorach: bia\u0142y(01), czarny(02), granatowy(55), szary(58), kr\u00f3lewski niebieski(05), czerwony(60).<\/p>\n<p>&nbsp;<\/p>\n<p><strong>ROZMIAR XXXXXL<\/strong>\u00a0dost\u0119pny tylko w kolorze: bia\u0142y(01), czarny(02)<\/p>\n<p>&nbsp;<\/p>\n<p><strong>KOLORY DOST\u0118PNE W ROZMIARZE DZIECI\u0118CYM:<\/strong>\u00a0bia\u0142y(01),czarny(02), szary(58), ciemnografitowy(46), \u017c\u00f3\u0142ty(03), pomara\u0144czowy(31), czerwony(60), bordowy(57), purpurowy(71), r\u00f3\u017cowy(78), jasnor\u00f3\u017cowy(48), b\u0142\u0119kitny(10), turkusowy(12), kr\u00f3lewski niebieski(05), granatowy(55), zielony oasis(114), trawiasty(83), kelly zielony0(20), ziele\u0144 butelkowa(56)<\/p>\n<p>&nbsp;<\/p>\n<p><img fetchpriority=\"high\" decoding=\"async\" class=\"alignnone wp-image-3915 \" src=\"http:\/\/stk.sklep.pl\/wp-content\/uploads\/2026\/01\/rozm-13.jpg\" alt=\"\" width=\"712\" height=\"356\" srcset=\"https:\/\/stk.sklep.pl\/wp-content\/uploads\/2026\/01\/rozm-13.jpg 1776w, https:\/\/stk.sklep.pl\/wp-content\/uploads\/2026\/01\/rozm-13-300x150.jpg 300w, https:\/\/stk.sklep.pl\/wp-content\/uploads\/2026\/01\/rozm-13-1024x512.jpg 1024w, https:\/\/stk.sklep.pl\/wp-content\/uploads\/2026\/01\/rozm-13-768x384.jpg 768w, https:\/\/stk.sklep.pl\/wp-content\/uploads\/2026\/01\/rozm-13-1536x768.jpg 1536w, https:\/\/stk.sklep.pl\/wp-content\/uploads\/2026\/01\/rozm-13-600x300.jpg 600w\" sizes=\"(max-width: 712px) 100vw, 712px\" \/><\/p>\n","protected":false},"excerpt":{"rendered":"<p>Koszulka stosowana zar\u00f3wno do akcji promocyjnych, jak r\u00f3wnie\u017c jako odzie\u017c sportowa i robocza. Wysokiej jako\u015bci koszulka wykonana z bawe\u0142ny single jersey \u2013 wyj\u0105tkowo mi\u0119kka w dotyku. T-shirt idealny pod nadruk. STAFFORD posiada usuwaln\u0105 metk\u0119, dzi\u0119ki czemu mo\u017cesz stworzy\u0107 w\u0142asn\u0105 lini\u0119 odzie\u017cy.<\/p>\n","protected":false},"featured_media":3894,"comment_status":"open","ping_status":"closed","template":"","meta":[],"product_brand":[],"product_cat":[28,41,36,37,42,39,38,21,32,40,35,34,22],"product_tag":[],"class_list":{"0":"post-3843","1":"product","2":"type-product","3":"status-publish","4":"has-post-thumbnail","6":"product_cat-bawelniane","7":"product_cat-eventy","8":"product_cat-gastronomia","9":"product_cat-hotelarstwo","10":"product_cat-koszulki-robocze","11":"product_cat-magazyn-i-transport","12":"product_cat-medycyna-i-spa","13":"product_cat-odziez-reklamowa","14":"product_cat-odziez-robocza","15":"product_cat-przemysl","16":"product_cat-sport","17":"product_cat-strefa-branzowa","18":"product_cat-t-shirty","20":"first","21":"instock","22":"taxable","23":"shipping-taxable","24":"purchasable","25":"product-type-variable"},"_links":{"self":[{"href":"https:\/\/stk.sklep.pl\/index.php?rest_route=\/wp\/v2\/product\/3843","targetHints":{"allow":["GET"]}}],"collection":[{"href":"https:\/\/stk.sklep.pl\/index.php?rest_route=\/wp\/v2\/product"}],"about":[{"href":"https:\/\/stk.sklep.pl\/index.php?rest_route=\/wp\/v2\/types\/product"}],"replies":[{"embeddable":true,"href":"https:\/\/stk.sklep.pl\/index.php?rest_route=%2Fwp%2Fv2%2Fcomments&post=3843"}],"wp:featuredmedia":[{"embeddable":true,"href":"https:\/\/stk.sklep.pl\/index.php?rest_route=\/wp\/v2\/media\/3894"}],"wp:attachment":[{"href":"https:\/\/stk.sklep.pl\/index.php?rest_route=%2Fwp%2Fv2%2Fmedia&parent=3843"}],"wp:term":[{"taxonomy":"product_brand","embeddable":true,"href":"https:\/\/stk.sklep.pl\/index.php?rest_route=%2Fwp%2Fv2%2Fproduct_brand&post=3843"},{"taxonomy":"product_cat","embeddable":true,"href":"https:\/\/stk.sklep.pl\/index.php?rest_route=%2Fwp%2Fv2%2Fproduct_cat&post=3843"},{"taxonomy":"product_tag","embeddable":true,"href":"https:\/\/stk.sklep.pl\/index.php?rest_route=%2Fwp%2Fv2%2Fproduct_tag&post=3843"}],"curies":[{"name":"wp","href":"https:\/\/api.w.org\/{rel}","templated":true}]}}