{"id":3769,"date":"2026-01-25T22:27:09","date_gmt":"2026-01-25T21:27:09","guid":{"rendered":"https:\/\/stk.sklep.pl\/?post_type=product&#038;p=3769"},"modified":"2026-01-25T22:31:56","modified_gmt":"2026-01-25T21:31:56","slug":"premium-t-shirt-tsra-190","status":"publish","type":"product","link":"https:\/\/stk.sklep.pl\/?product=premium-t-shirt-tsra-190","title":{"rendered":"Premium T-shirt TSRA 190"},"content":{"rendered":"<p>Koszulka ma prosty kr\u00f3j bez bocznych szw\u00f3w, co zapewnia komfort i swobod\u0119 ruch\u00f3w. Podw\u00f3jne szwy na ramionach zwi\u0119kszaj\u0105 trwa\u0142o\u015b\u0107, a \u015bci\u0105gacz z dodatkiem lycry gwarantuje idealne dopasowanie do szyi. Dodatkowo, ta\u015bma wzmacniaj\u0105ca na karku chroni przed rozci\u0105ganiem, a \u0142atwo usuwalna metka u\u0142atwia personalizacj\u0119 produktu.<\/p>\n<h5>Cechy produktu:<\/h5>\n<ul>\n<li style=\"list-style-type: none;\">\n<ul>\n<li>Brak bocznych szw\u00f3w.<\/li>\n<li>Podw\u00f3jne szwy na ramionach.<\/li>\n<li>Wzmocniony lycr\u0105 \u015bci\u0105gacz.<\/li>\n<li>Ta\u015bma wzmacniaj\u0105ca.<\/li>\n<li>\u0141atwo usuwalna metka<\/li>\n<\/ul>\n<\/li>\n<\/ul>\n<h5>Dost\u0119pne rozmiary:<\/h5>\n<ul>\n<li style=\"list-style-type: none;\">\n<ul>\n<li>Rozmiary: XS \/ S \/ M \/ L \/ XL \/ XXL \/ 3XL* \/ 4XL* \/ 5XL*<\/li>\n<\/ul>\n<\/li>\n<\/ul>\n<ul>\n<li>* Rozmiary 3XL,4XL i 5XL s\u0105 dost\u0119pne w kolorach: BK, NY, RB, WH, RD, SY, GM<\/li>\n<\/ul>\n<p><img fetchpriority=\"high\" decoding=\"async\" class=\"alignnone wp-image-3821 \" src=\"http:\/\/stk.sklep.pl\/wp-content\/uploads\/2026\/01\/rozm-12.jpg\" alt=\"\" width=\"723\" height=\"213\" srcset=\"https:\/\/stk.sklep.pl\/wp-content\/uploads\/2026\/01\/rozm-12.jpg 1776w, https:\/\/stk.sklep.pl\/wp-content\/uploads\/2026\/01\/rozm-12-300x89.jpg 300w, https:\/\/stk.sklep.pl\/wp-content\/uploads\/2026\/01\/rozm-12-1024x302.jpg 1024w, https:\/\/stk.sklep.pl\/wp-content\/uploads\/2026\/01\/rozm-12-768x227.jpg 768w, https:\/\/stk.sklep.pl\/wp-content\/uploads\/2026\/01\/rozm-12-1536x453.jpg 1536w, https:\/\/stk.sklep.pl\/wp-content\/uploads\/2026\/01\/rozm-12-600x177.jpg 600w\" sizes=\"(max-width: 723px) 100vw, 723px\" \/><\/p>\n","protected":false},"excerpt":{"rendered":"<p>Klasyczny m\u0119ski T-shirt JHK z kr\u00f3tkim r\u0119kawem o gramaturze 190 to uniwersalna koszulka, idealna do codziennego noszenia, pracy lub nadruk\u00f3w reklamowych.<\/p>\n","protected":false},"featured_media":3820,"comment_status":"open","ping_status":"closed","template":"","meta":[],"product_brand":[],"product_cat":[28,41,36,37,42,39,38,21,32,40,35,34,22],"product_tag":[],"class_list":{"0":"post-3769","1":"product","2":"type-product","3":"status-publish","4":"has-post-thumbnail","6":"product_cat-bawelniane","7":"product_cat-eventy","8":"product_cat-gastronomia","9":"product_cat-hotelarstwo","10":"product_cat-koszulki-robocze","11":"product_cat-magazyn-i-transport","12":"product_cat-medycyna-i-spa","13":"product_cat-odziez-reklamowa","14":"product_cat-odziez-robocza","15":"product_cat-przemysl","16":"product_cat-sport","17":"product_cat-strefa-branzowa","18":"product_cat-t-shirty","20":"first","21":"instock","22":"taxable","23":"shipping-taxable","24":"purchasable","25":"product-type-variable"},"_links":{"self":[{"href":"https:\/\/stk.sklep.pl\/index.php?rest_route=\/wp\/v2\/product\/3769","targetHints":{"allow":["GET"]}}],"collection":[{"href":"https:\/\/stk.sklep.pl\/index.php?rest_route=\/wp\/v2\/product"}],"about":[{"href":"https:\/\/stk.sklep.pl\/index.php?rest_route=\/wp\/v2\/types\/product"}],"replies":[{"embeddable":true,"href":"https:\/\/stk.sklep.pl\/index.php?rest_route=%2Fwp%2Fv2%2Fcomments&post=3769"}],"wp:featuredmedia":[{"embeddable":true,"href":"https:\/\/stk.sklep.pl\/index.php?rest_route=\/wp\/v2\/media\/3820"}],"wp:attachment":[{"href":"https:\/\/stk.sklep.pl\/index.php?rest_route=%2Fwp%2Fv2%2Fmedia&parent=3769"}],"wp:term":[{"taxonomy":"product_brand","embeddable":true,"href":"https:\/\/stk.sklep.pl\/index.php?rest_route=%2Fwp%2Fv2%2Fproduct_brand&post=3769"},{"taxonomy":"product_cat","embeddable":true,"href":"https:\/\/stk.sklep.pl\/index.php?rest_route=%2Fwp%2Fv2%2Fproduct_cat&post=3769"},{"taxonomy":"product_tag","embeddable":true,"href":"https:\/\/stk.sklep.pl\/index.php?rest_route=%2Fwp%2Fv2%2Fproduct_tag&post=3769"}],"curies":[{"name":"wp","href":"https:\/\/api.w.org\/{rel}","templated":true}]}}