{"id":3377,"date":"2026-01-25T21:59:39","date_gmt":"2026-01-25T20:59:39","guid":{"rendered":"https:\/\/stk.sklep.pl\/?post_type=product&#038;p=3377"},"modified":"2026-01-25T22:19:08","modified_gmt":"2026-01-25T21:19:08","slug":"polar-flra-340-premium-kopia","status":"publish","type":"product","link":"https:\/\/stk.sklep.pl\/?product=polar-flra-340-premium-kopia","title":{"rendered":"Polar damski FLRL 300"},"content":{"rendered":"<p>Polar posiada zamek na ca\u0142ej d\u0142ugo\u015bci, kt\u00f3ry umo\u017cliwia \u0142atwe zak\u0142adanie i regulacj\u0119 temperatury. Wyposa\u017cony jest w dwie boczne kieszenie zapinane na zamek, idealne do ogrzania r\u0105k lub przechowywania drobnych przedmiot\u00f3w. Stopery i gumka \u015bci\u0105gaj\u0105ca przy r\u0119kawach pozwalaj\u0105 na lepsze dopasowanie i ochron\u0119 przed ch\u0142odem.<\/p>\n<h5><\/h5>\n<h5>Cechy produktu:<\/h5>\n<ul>\n<li style=\"list-style-type: none;\">\n<ul>\n<li>Polar damski zapinany na d\u0142ugi zamek<\/li>\n<li>Wyko\u0144czenie antypillingowe \u2013 odporno\u015b\u0107 na mechacenie<\/li>\n<li>Dwie boczne kieszenie\u00a0<strong>zapinane na zamek<\/strong><\/li>\n<li>Stopery i gumka \u015bci\u0105gaj\u0105ca przy r\u0119kawach<\/li>\n<li>Lekko\u00a0<strong>taliowany kr\u00f3j<\/strong><\/li>\n<li>\u0141atwo usuwalna metka<\/li>\n<\/ul>\n<\/li>\n<\/ul>\n<h5>Dost\u0119pne rozmiary:<\/h5>\n<ul>\n<li>Rozmiary: XS \/ S \/ M \/ L \/ XL \/ XXL<\/li>\n<\/ul>\n<p>&nbsp;<\/p>\n<p><img fetchpriority=\"high\" decoding=\"async\" class=\"alignnone wp-image-3666 \" src=\"http:\/\/stk.sklep.pl\/wp-content\/uploads\/2026\/01\/rozm-11.jpg\" alt=\"\" width=\"750\" height=\"221\" srcset=\"https:\/\/stk.sklep.pl\/wp-content\/uploads\/2026\/01\/rozm-11.jpg 1776w, https:\/\/stk.sklep.pl\/wp-content\/uploads\/2026\/01\/rozm-11-300x89.jpg 300w, https:\/\/stk.sklep.pl\/wp-content\/uploads\/2026\/01\/rozm-11-1024x302.jpg 1024w, https:\/\/stk.sklep.pl\/wp-content\/uploads\/2026\/01\/rozm-11-768x227.jpg 768w, https:\/\/stk.sklep.pl\/wp-content\/uploads\/2026\/01\/rozm-11-1536x453.jpg 1536w, https:\/\/stk.sklep.pl\/wp-content\/uploads\/2026\/01\/rozm-11-600x177.jpg 600w\" sizes=\"(max-width: 750px) 100vw, 750px\" \/><\/p>\n","protected":false},"excerpt":{"rendered":"<p>Ciep\u0142y i wygodny polar damski JHK FLRL300 to niezawodny wyb\u00f3r do pracy, na zewn\u0105trz oraz codziennego u\u017cytkowania w ch\u0142odniejsze dni. Wykonany ze 100% wysokiej jako\u015bci poliestru o gramaturze 300 g\/m\u00b2, zapewnia doskona\u0142\u0105 izolacj\u0119 ciepln\u0105, nie kr\u0119puj\u0105c przy tym ruch\u00f3w.<\/p>\n","protected":false},"featured_media":3648,"comment_status":"open","ping_status":"closed","template":"","meta":[],"product_brand":[],"product_cat":[32,26,24,43],"product_tag":[],"class_list":{"0":"post-3377","1":"product","2":"type-product","3":"status-publish","4":"has-post-thumbnail","6":"product_cat-odziez-robocza","7":"product_cat-odziez-wierzchnia","8":"product_cat-polary","9":"product_cat-polary-firmowe","11":"first","12":"instock","13":"taxable","14":"shipping-taxable","15":"purchasable","16":"product-type-variable"},"_links":{"self":[{"href":"https:\/\/stk.sklep.pl\/index.php?rest_route=\/wp\/v2\/product\/3377","targetHints":{"allow":["GET"]}}],"collection":[{"href":"https:\/\/stk.sklep.pl\/index.php?rest_route=\/wp\/v2\/product"}],"about":[{"href":"https:\/\/stk.sklep.pl\/index.php?rest_route=\/wp\/v2\/types\/product"}],"replies":[{"embeddable":true,"href":"https:\/\/stk.sklep.pl\/index.php?rest_route=%2Fwp%2Fv2%2Fcomments&post=3377"}],"wp:featuredmedia":[{"embeddable":true,"href":"https:\/\/stk.sklep.pl\/index.php?rest_route=\/wp\/v2\/media\/3648"}],"wp:attachment":[{"href":"https:\/\/stk.sklep.pl\/index.php?rest_route=%2Fwp%2Fv2%2Fmedia&parent=3377"}],"wp:term":[{"taxonomy":"product_brand","embeddable":true,"href":"https:\/\/stk.sklep.pl\/index.php?rest_route=%2Fwp%2Fv2%2Fproduct_brand&post=3377"},{"taxonomy":"product_cat","embeddable":true,"href":"https:\/\/stk.sklep.pl\/index.php?rest_route=%2Fwp%2Fv2%2Fproduct_cat&post=3377"},{"taxonomy":"product_tag","embeddable":true,"href":"https:\/\/stk.sklep.pl\/index.php?rest_route=%2Fwp%2Fv2%2Fproduct_tag&post=3377"}],"curies":[{"name":"wp","href":"https:\/\/api.w.org\/{rel}","templated":true}]}}