{"id":3019,"date":"2026-01-25T21:44:23","date_gmt":"2026-01-25T20:44:23","guid":{"rendered":"https:\/\/stk.sklep.pl\/?post_type=product&#038;p=3019"},"modified":"2026-01-25T21:55:39","modified_gmt":"2026-01-25T20:55:39","slug":"polar-flra-340-hooded","status":"publish","type":"product","link":"https:\/\/stk.sklep.pl\/?product=polar-flra-340-hooded","title":{"rendered":"Polar FLRA 340 HOODED"},"content":{"rendered":"<h5>Cechy produktu:<\/h5>\n<ul>\n<li><strong>Maksymalny komfort<\/strong>\u00a0\u2013 ciep\u0142y, mi\u0119kki materia\u0142 z wyko\u0144czeniem antypilingowym (nie mechaci si\u0119 nawet po intensywnym u\u017cytkowaniu).<\/li>\n<li><strong>Funkcjonalno\u015b\u0107<\/strong>\u00a0\u2013 kieszenie boczne i piersiowa zapinane na zamki, regulacja w pasie oraz mankiety przy r\u0119kawach.<\/li>\n<li><strong>Trwa\u0142o\u015b\u0107<\/strong>\u00a0\u2013 wzmocnienia na ramionach i r\u0119kawach z wodoodpornej tkaniny odpornej na przetarcia.<\/li>\n<\/ul>\n<h5>Dane techniczne:<\/h5>\n<ul>\n<li>D\u0142ugi zamek<\/li>\n<li>Odpinany kaptur<\/li>\n<li>Kieszenie boczne + kiesze\u0144 na piersi zapinane na zamek<\/li>\n<li>Wyko\u0144czenie antypilingowe<\/li>\n<li>Regulacja dolnej cz\u0119\u015bci sznurkiem ze stoperami<\/li>\n<li>Wzmocnienia na ramionach i r\u0119kawach wykonane z wodoodpornej, wytrzyma\u0142ej tkaniny odpornej na przetarcia<\/li>\n<li>R\u0119kawy zako\u0144czone mankietami<\/li>\n<\/ul>\n<h5><img fetchpriority=\"high\" decoding=\"async\" class=\"alignnone wp-image-3375 \" style=\"font-size: 16px;\" src=\"http:\/\/stk.sklep.pl\/wp-content\/uploads\/2026\/01\/rozm-10.jpg\" alt=\"\" width=\"719\" height=\"212\" srcset=\"https:\/\/stk.sklep.pl\/wp-content\/uploads\/2026\/01\/rozm-10.jpg 1776w, https:\/\/stk.sklep.pl\/wp-content\/uploads\/2026\/01\/rozm-10-300x89.jpg 300w, https:\/\/stk.sklep.pl\/wp-content\/uploads\/2026\/01\/rozm-10-1024x302.jpg 1024w, https:\/\/stk.sklep.pl\/wp-content\/uploads\/2026\/01\/rozm-10-768x227.jpg 768w, https:\/\/stk.sklep.pl\/wp-content\/uploads\/2026\/01\/rozm-10-1536x453.jpg 1536w, https:\/\/stk.sklep.pl\/wp-content\/uploads\/2026\/01\/rozm-10-600x177.jpg 600w\" sizes=\"(max-width: 719px) 100vw, 719px\" \/><\/h5>\n","protected":false},"excerpt":{"rendered":"<p>Postaw na komfort, funkcjonalno\u015b\u0107 i wytrzyma\u0142o\u015b\u0107! Ten polar m\u0119ski PREMIUM z odpinanym kapturem to idealne rozwi\u0105zanie na ch\u0142odne dni \u2013 sprawdzi si\u0119 zar\u00f3wno w pracy, jak i w codziennym u\u017cytkowaniu.<\/p>\n","protected":false},"featured_media":3291,"comment_status":"open","ping_status":"closed","template":"","meta":[],"product_brand":[],"product_cat":[32,26,24,43],"product_tag":[],"class_list":{"0":"post-3019","1":"product","2":"type-product","3":"status-publish","4":"has-post-thumbnail","6":"product_cat-odziez-robocza","7":"product_cat-odziez-wierzchnia","8":"product_cat-polary","9":"product_cat-polary-firmowe","11":"first","12":"instock","13":"taxable","14":"shipping-taxable","15":"purchasable","16":"product-type-variable"},"_links":{"self":[{"href":"https:\/\/stk.sklep.pl\/index.php?rest_route=\/wp\/v2\/product\/3019","targetHints":{"allow":["GET"]}}],"collection":[{"href":"https:\/\/stk.sklep.pl\/index.php?rest_route=\/wp\/v2\/product"}],"about":[{"href":"https:\/\/stk.sklep.pl\/index.php?rest_route=\/wp\/v2\/types\/product"}],"replies":[{"embeddable":true,"href":"https:\/\/stk.sklep.pl\/index.php?rest_route=%2Fwp%2Fv2%2Fcomments&post=3019"}],"wp:featuredmedia":[{"embeddable":true,"href":"https:\/\/stk.sklep.pl\/index.php?rest_route=\/wp\/v2\/media\/3291"}],"wp:attachment":[{"href":"https:\/\/stk.sklep.pl\/index.php?rest_route=%2Fwp%2Fv2%2Fmedia&parent=3019"}],"wp:term":[{"taxonomy":"product_brand","embeddable":true,"href":"https:\/\/stk.sklep.pl\/index.php?rest_route=%2Fwp%2Fv2%2Fproduct_brand&post=3019"},{"taxonomy":"product_cat","embeddable":true,"href":"https:\/\/stk.sklep.pl\/index.php?rest_route=%2Fwp%2Fv2%2Fproduct_cat&post=3019"},{"taxonomy":"product_tag","embeddable":true,"href":"https:\/\/stk.sklep.pl\/index.php?rest_route=%2Fwp%2Fv2%2Fproduct_tag&post=3019"}],"curies":[{"name":"wp","href":"https:\/\/api.w.org\/{rel}","templated":true}]}}