{"id":2690,"date":"2026-01-25T19:45:28","date_gmt":"2026-01-25T18:45:28","guid":{"rendered":"https:\/\/stk.sklep.pl\/?post_type=product&#038;p=2690"},"modified":"2026-01-25T21:44:18","modified_gmt":"2026-01-25T20:44:18","slug":"polar-flra-340-premium","status":"publish","type":"product","link":"https:\/\/stk.sklep.pl\/?product=polar-flra-340-premium","title":{"rendered":"Polar FLRA 340 Premium"},"content":{"rendered":"<h5>Cechy produktu:<\/h5>\n<ul>\n<li><strong>Maksymalny komfort<\/strong>\u00a0\u2013 ciep\u0142y, mi\u0119kki materia\u0142 z wyko\u0144czeniem antypilingowym (nie mechaci si\u0119 nawet po intensywnym u\u017cytkowaniu).<\/li>\n<li><strong>Funkcjonalno\u015b\u0107<\/strong>\u00a0\u2013 kieszenie boczne i piersiowa zapinane na zamki, regulacja w pasie oraz mankiety przy r\u0119kawach.<\/li>\n<li><strong>Trwa\u0142o\u015b\u0107<\/strong>\u00a0\u2013 wzmocnienia na ramionach i r\u0119kawach z wodoodpornej tkaniny odpornej na przetarcia.<\/li>\n<\/ul>\n<p>&nbsp;<\/p>\n<h5>Dane techniczne:<\/h5>\n<ul>\n<li>D\u0142ugi zamek<\/li>\n<li>Kieszenie boczne + kiesze\u0144 na piersi zapinane na zamek<\/li>\n<li>Wyko\u0144czenie antypilingowe<\/li>\n<li>Regulacja dolnej cz\u0119\u015bci sznurkiem ze stoperami<\/li>\n<li>Wzmocnienia na ramionach i r\u0119kawach wykonane z wodoodpornej, wytrzyma\u0142ej tkaniny odpornej na przetarcia<\/li>\n<li>R\u0119kawy zako\u0144czone mankietami<\/li>\n<li>Materia\u0142: 100% poliester<\/li>\n<li>Gramatura:\u00a0<strong>340-360 g\/m\u00b2<\/strong><\/li>\n<li>Rozmiary: XS \u2013 5XL<\/li>\n<\/ul>\n<p><img fetchpriority=\"high\" decoding=\"async\" class=\"alignnone wp-image-3018 size-full\" src=\"http:\/\/stk.sklep.pl\/wp-content\/uploads\/2026\/01\/rozm-8.jpg\" alt=\"\" width=\"1776\" height=\"524\" srcset=\"https:\/\/stk.sklep.pl\/wp-content\/uploads\/2026\/01\/rozm-8.jpg 1776w, https:\/\/stk.sklep.pl\/wp-content\/uploads\/2026\/01\/rozm-8-300x89.jpg 300w, https:\/\/stk.sklep.pl\/wp-content\/uploads\/2026\/01\/rozm-8-1024x302.jpg 1024w, https:\/\/stk.sklep.pl\/wp-content\/uploads\/2026\/01\/rozm-8-768x227.jpg 768w, https:\/\/stk.sklep.pl\/wp-content\/uploads\/2026\/01\/rozm-8-1536x453.jpg 1536w, https:\/\/stk.sklep.pl\/wp-content\/uploads\/2026\/01\/rozm-8-600x177.jpg 600w\" sizes=\"(max-width: 1776px) 100vw, 1776px\" \/><\/p>\n","protected":false},"excerpt":{"rendered":"<p>Postaw na komfort, funkcjonalno\u015b\u0107 i wytrzyma\u0142o\u015b\u0107! Ten polar m\u0119ski PREMIUM to idealne rozwi\u0105zanie na ch\u0142odne dni \u2013 sprawdzi si\u0119 zar\u00f3wno w pracy, jak i w codziennym u\u017cytkowaniu.<\/p>\n","protected":false},"featured_media":2733,"comment_status":"open","ping_status":"closed","template":"","meta":[],"product_brand":[],"product_cat":[32,26,24,43],"product_tag":[],"class_list":{"0":"post-2690","1":"product","2":"type-product","3":"status-publish","4":"has-post-thumbnail","6":"product_cat-odziez-robocza","7":"product_cat-odziez-wierzchnia","8":"product_cat-polary","9":"product_cat-polary-firmowe","11":"first","12":"instock","13":"taxable","14":"shipping-taxable","15":"purchasable","16":"product-type-variable"},"_links":{"self":[{"href":"https:\/\/stk.sklep.pl\/index.php?rest_route=\/wp\/v2\/product\/2690","targetHints":{"allow":["GET"]}}],"collection":[{"href":"https:\/\/stk.sklep.pl\/index.php?rest_route=\/wp\/v2\/product"}],"about":[{"href":"https:\/\/stk.sklep.pl\/index.php?rest_route=\/wp\/v2\/types\/product"}],"replies":[{"embeddable":true,"href":"https:\/\/stk.sklep.pl\/index.php?rest_route=%2Fwp%2Fv2%2Fcomments&post=2690"}],"wp:featuredmedia":[{"embeddable":true,"href":"https:\/\/stk.sklep.pl\/index.php?rest_route=\/wp\/v2\/media\/2733"}],"wp:attachment":[{"href":"https:\/\/stk.sklep.pl\/index.php?rest_route=%2Fwp%2Fv2%2Fmedia&parent=2690"}],"wp:term":[{"taxonomy":"product_brand","embeddable":true,"href":"https:\/\/stk.sklep.pl\/index.php?rest_route=%2Fwp%2Fv2%2Fproduct_brand&post=2690"},{"taxonomy":"product_cat","embeddable":true,"href":"https:\/\/stk.sklep.pl\/index.php?rest_route=%2Fwp%2Fv2%2Fproduct_cat&post=2690"},{"taxonomy":"product_tag","embeddable":true,"href":"https:\/\/stk.sklep.pl\/index.php?rest_route=%2Fwp%2Fv2%2Fproduct_tag&post=2690"}],"curies":[{"name":"wp","href":"https:\/\/api.w.org\/{rel}","templated":true}]}}