{"id":2608,"date":"2026-01-08T12:34:06","date_gmt":"2026-01-08T11:34:06","guid":{"rendered":"https:\/\/stk.sklep.pl\/?post_type=product&#038;p=2608"},"modified":"2026-01-08T12:39:51","modified_gmt":"2026-01-08T11:39:51","slug":"yukon-kurtka","status":"publish","type":"product","link":"https:\/\/stk.sklep.pl\/?product=yukon-kurtka","title":{"rendered":"Yukon &#8211; kurtka"},"content":{"rendered":"<div id=\"product-left\" class=\"col-md-5 col-sm-6\">\n<div id=\"product-photo-big\">\n<div class=\"bigphoto-wrapp\">\n<div class=\"bx-wrapper\">\n<div class=\"bx-controls bx-has-controls-direction\"><strong>PRODUKT:<\/strong><\/div>\n<\/div>\n<\/div>\n<div class=\"thumbwrapp\">\n<div class=\"bx-wrapper\">\n<div class=\"bx-controls bx-has-controls-direction\">\n<div class=\"bx-controls-direction\">\n<p class=\"western\">Wygodna, ocieplana kurtka z ko\u0142nierzem.<br \/>\n1. Przedni zamek z os\u0142on\u0105 na podbr\u00f3dku.<br \/>\n2. Trzy zewn\u0119trzne kieszenie zapinane na zamek. Jedna na piersi i dwie po bokach.<br \/>\n3. Podszewka z mikropolaru.<br \/>\n4. \u015aci\u0105gacze w mankietach.<\/p>\n<\/div>\n<\/div>\n<\/div>\n<\/div>\n<\/div>\n<\/div>\n<div id=\"product-right\" class=\"col-md-7 col-sm-6\">\n<div id=\"product-right-wrapper\">\n<div class=\"product-info-desc\">\n<div class=\"prod-desc\">\n<div id=\"desc1\" class=\"description\" tabindex=\"5000\">\n<div class=\"product-description\">\n<p>&nbsp;<\/p>\n<\/div>\n<\/div>\n<\/div>\n<\/div>\n<\/div>\n<\/div>\n<p><img fetchpriority=\"high\" decoding=\"async\" class=\"alignnone wp-image-2651 \" src=\"http:\/\/stk.sklep.pl\/wp-content\/uploads\/2026\/01\/rozm-7.jpg\" alt=\"\" width=\"926\" height=\"273\" srcset=\"https:\/\/stk.sklep.pl\/wp-content\/uploads\/2026\/01\/rozm-7.jpg 1776w, https:\/\/stk.sklep.pl\/wp-content\/uploads\/2026\/01\/rozm-7-300x89.jpg 300w, https:\/\/stk.sklep.pl\/wp-content\/uploads\/2026\/01\/rozm-7-1024x302.jpg 1024w, https:\/\/stk.sklep.pl\/wp-content\/uploads\/2026\/01\/rozm-7-768x227.jpg 768w, https:\/\/stk.sklep.pl\/wp-content\/uploads\/2026\/01\/rozm-7-1536x453.jpg 1536w, https:\/\/stk.sklep.pl\/wp-content\/uploads\/2026\/01\/rozm-7-600x177.jpg 600w\" sizes=\"(max-width: 926px) 100vw, 926px\" \/><\/p>\n","protected":false},"excerpt":{"rendered":"<p class=\"western\">Ocieplana kurtka z ko\u0142nierzem<br \/>\nKurtka\u00a0wykorzystywana zar\u00f3wno\u00a0jako odzie\u017c codzienna, reklamowa, jak r\u00f3wnie\u017c jako odzie\u017c wierzchnia\u00a0dla pracownik\u00f3w. Niezwykle wytrzyma\u0142a\u00a0i wygodna.<\/p>\n","protected":false},"featured_media":2680,"comment_status":"open","ping_status":"closed","template":"","meta":[],"product_brand":[],"product_cat":[21,32,26],"product_tag":[],"class_list":{"0":"post-2608","1":"product","2":"type-product","3":"status-publish","4":"has-post-thumbnail","6":"product_cat-odziez-reklamowa","7":"product_cat-odziez-robocza","8":"product_cat-odziez-wierzchnia","10":"first","11":"instock","12":"taxable","13":"shipping-taxable","14":"purchasable","15":"product-type-variable"},"_links":{"self":[{"href":"https:\/\/stk.sklep.pl\/index.php?rest_route=\/wp\/v2\/product\/2608","targetHints":{"allow":["GET"]}}],"collection":[{"href":"https:\/\/stk.sklep.pl\/index.php?rest_route=\/wp\/v2\/product"}],"about":[{"href":"https:\/\/stk.sklep.pl\/index.php?rest_route=\/wp\/v2\/types\/product"}],"replies":[{"embeddable":true,"href":"https:\/\/stk.sklep.pl\/index.php?rest_route=%2Fwp%2Fv2%2Fcomments&post=2608"}],"wp:featuredmedia":[{"embeddable":true,"href":"https:\/\/stk.sklep.pl\/index.php?rest_route=\/wp\/v2\/media\/2680"}],"wp:attachment":[{"href":"https:\/\/stk.sklep.pl\/index.php?rest_route=%2Fwp%2Fv2%2Fmedia&parent=2608"}],"wp:term":[{"taxonomy":"product_brand","embeddable":true,"href":"https:\/\/stk.sklep.pl\/index.php?rest_route=%2Fwp%2Fv2%2Fproduct_brand&post=2608"},{"taxonomy":"product_cat","embeddable":true,"href":"https:\/\/stk.sklep.pl\/index.php?rest_route=%2Fwp%2Fv2%2Fproduct_cat&post=2608"},{"taxonomy":"product_tag","embeddable":true,"href":"https:\/\/stk.sklep.pl\/index.php?rest_route=%2Fwp%2Fv2%2Fproduct_tag&post=2608"}],"curies":[{"name":"wp","href":"https:\/\/api.w.org\/{rel}","templated":true}]}}