{"id":2545,"date":"2026-01-08T12:23:28","date_gmt":"2026-01-08T11:23:28","guid":{"rendered":"https:\/\/stk.sklep.pl\/?post_type=product&#038;p=2545"},"modified":"2026-01-25T22:20:59","modified_gmt":"2026-01-25T21:20:59","slug":"america-woman-damska-wodoodporna-kurtka-z-pikowana-podszewka","status":"publish","type":"product","link":"https:\/\/stk.sklep.pl\/?product=america-woman-damska-wodoodporna-kurtka-z-pikowana-podszewka","title":{"rendered":"AMERICA WOMAN &#8211; Damska wodoodporna kurtka z pikowan\u0105 podszewk\u0105."},"content":{"rendered":"<div id=\"product-left\" class=\"col-md-5 col-sm-6\">\n<div id=\"product-photo-big\">\n<div class=\"bigphoto-wrapp\">\n<div class=\"bx-wrapper\">\n<div class=\"bx-controls bx-has-controls-direction\"><strong>PRODUKT:<\/strong><\/div>\n<\/div>\n<\/div>\n<div class=\"thumbwrapp\">\n<div class=\"bx-wrapper\">\n<div class=\"bx-controls bx-has-controls-direction\">\n<div class=\"bx-controls-direction\">\n<p>-Produkt posiada ceryfikat: 139218-GRS<\/p>\n<p>-Wodoodporna i Wiatroszczelna<\/p>\n<p>*Pra\u0107 maksymalnie w 40\u00b0C* *Nie u\u017cywa\u0107 wybielaczy*<\/p>\n<p>*Nie suszy\u0107 w suszarce b\u0119bnowej*<\/p>\n<p>*Nie prasowa\u0107* *Nie czy\u015bci\u0107 chemicznie*<\/p>\n<\/div>\n<\/div>\n<\/div>\n<\/div>\n<\/div>\n<\/div>\n<div id=\"product-right\" class=\"col-md-7 col-sm-6\">\n<div id=\"product-right-wrapper\">\n<div class=\"product-info-desc\">\n<div class=\"prod-desc\">\n<div id=\"desc1\" class=\"description\" tabindex=\"5000\">\n<div class=\"product-description\">\n<p>&nbsp;<\/p>\n<\/div>\n<\/div>\n<\/div>\n<\/div>\n<\/div>\n<\/div>\n<p><img fetchpriority=\"high\" decoding=\"async\" class=\"alignnone wp-image-2595 \" src=\"http:\/\/stk.sklep.pl\/wp-content\/uploads\/2026\/01\/rozm-6.jpg\" alt=\"\" width=\"709\" height=\"209\" srcset=\"https:\/\/stk.sklep.pl\/wp-content\/uploads\/2026\/01\/rozm-6.jpg 1776w, https:\/\/stk.sklep.pl\/wp-content\/uploads\/2026\/01\/rozm-6-300x89.jpg 300w, https:\/\/stk.sklep.pl\/wp-content\/uploads\/2026\/01\/rozm-6-1024x302.jpg 1024w, https:\/\/stk.sklep.pl\/wp-content\/uploads\/2026\/01\/rozm-6-768x227.jpg 768w, https:\/\/stk.sklep.pl\/wp-content\/uploads\/2026\/01\/rozm-6-1536x453.jpg 1536w, https:\/\/stk.sklep.pl\/wp-content\/uploads\/2026\/01\/rozm-6-600x177.jpg 600w\" sizes=\"(max-width: 709px) 100vw, 709px\" \/><\/p>\n","protected":false},"excerpt":{"rendered":"<p>Damska wodoodporna kurtka typu parka z pikowan\u0105 podszewk\u0105. Wysoki ko\u0142nierz ze zwijanym kapturem i kieszeni\u0105 na kaptur zapinan\u0105 na rzep. Zamek pasuj\u0105cy do koloru klapy. Boczne kieszenie z zapi\u0119ciem na zamek przykryte klap\u0105. Wewn\u0119trzna kiesze\u0144 z zapi\u0119ciem na rzep. Regulowane mankiety z zapi\u0119ciem na rzep. Wewn\u0119trzny dost\u0119p do wzmocnie\u0144 na plecach i lewej piersi.<\/p>\n","protected":false},"featured_media":2600,"comment_status":"open","ping_status":"closed","template":"","meta":[],"product_brand":[],"product_cat":[21,32,26],"product_tag":[],"class_list":{"0":"post-2545","1":"product","2":"type-product","3":"status-publish","4":"has-post-thumbnail","6":"product_cat-odziez-reklamowa","7":"product_cat-odziez-robocza","8":"product_cat-odziez-wierzchnia","10":"first","11":"instock","12":"taxable","13":"shipping-taxable","14":"purchasable","15":"product-type-variable"},"_links":{"self":[{"href":"https:\/\/stk.sklep.pl\/index.php?rest_route=\/wp\/v2\/product\/2545","targetHints":{"allow":["GET"]}}],"collection":[{"href":"https:\/\/stk.sklep.pl\/index.php?rest_route=\/wp\/v2\/product"}],"about":[{"href":"https:\/\/stk.sklep.pl\/index.php?rest_route=\/wp\/v2\/types\/product"}],"replies":[{"embeddable":true,"href":"https:\/\/stk.sklep.pl\/index.php?rest_route=%2Fwp%2Fv2%2Fcomments&post=2545"}],"wp:featuredmedia":[{"embeddable":true,"href":"https:\/\/stk.sklep.pl\/index.php?rest_route=\/wp\/v2\/media\/2600"}],"wp:attachment":[{"href":"https:\/\/stk.sklep.pl\/index.php?rest_route=%2Fwp%2Fv2%2Fmedia&parent=2545"}],"wp:term":[{"taxonomy":"product_brand","embeddable":true,"href":"https:\/\/stk.sklep.pl\/index.php?rest_route=%2Fwp%2Fv2%2Fproduct_brand&post=2545"},{"taxonomy":"product_cat","embeddable":true,"href":"https:\/\/stk.sklep.pl\/index.php?rest_route=%2Fwp%2Fv2%2Fproduct_cat&post=2545"},{"taxonomy":"product_tag","embeddable":true,"href":"https:\/\/stk.sklep.pl\/index.php?rest_route=%2Fwp%2Fv2%2Fproduct_tag&post=2545"}],"curies":[{"name":"wp","href":"https:\/\/api.w.org\/{rel}","templated":true}]}}