{"id":2483,"date":"2026-01-08T12:08:54","date_gmt":"2026-01-08T11:08:54","guid":{"rendered":"https:\/\/stk.sklep.pl\/?post_type=product&#038;p=2483"},"modified":"2026-01-08T12:18:24","modified_gmt":"2026-01-08T11:18:24","slug":"america-wodoodporna-kurtka-z-pikowana-podszewka","status":"publish","type":"product","link":"https:\/\/stk.sklep.pl\/?product=america-wodoodporna-kurtka-z-pikowana-podszewka","title":{"rendered":"AMERICA &#8211; Wodoodporna kurtka z pikowan\u0105 podszewk\u0105"},"content":{"rendered":"<div id=\"product-left\" class=\"col-md-5 col-sm-6\">\n<div id=\"product-photo-big\">\n<div class=\"bigphoto-wrapp\">\n<div class=\"bx-wrapper\">\n<div class=\"bx-controls bx-has-controls-direction\"><strong>PRODUKT:<\/strong><\/div>\n<\/div>\n<\/div>\n<div class=\"thumbwrapp\">\n<div class=\"bx-wrapper\">\n<div class=\"bx-controls bx-has-controls-direction\">\n<div class=\"bx-controls-direction\">\n<p>-Produkt posiada ceryfikat: 139218-GRS<\/p>\n<p>-Wodoodporna i Wiatroszczelna<\/p>\n<p>*Pra\u0107 maksymalnie w 40\u00b0C* *Nie u\u017cywa\u0107 wybielaczy*<\/p>\n<p>*Nie suszy\u0107 w suszarce b\u0119bnowej*<\/p>\n<p>*Nie prasowa\u0107* *Nie czy\u015bci\u0107 chemicznie*<\/p>\n<\/div>\n<\/div>\n<\/div>\n<\/div>\n<\/div>\n<\/div>\n<div id=\"product-right\" class=\"col-md-7 col-sm-6\">\n<div id=\"product-right-wrapper\">\n<div class=\"product-info-desc\">\n<div class=\"prod-desc\">\n<div id=\"desc1\" class=\"description\" tabindex=\"5000\">\n<div class=\"product-description\">\n<p>&nbsp;<\/p>\n<\/div>\n<\/div>\n<\/div>\n<\/div>\n<\/div>\n<\/div>\n<p><img fetchpriority=\"high\" decoding=\"async\" class=\"alignnone wp-image-2537 size-full\" src=\"http:\/\/stk.sklep.pl\/wp-content\/uploads\/2026\/01\/rozm-1-1.jpg\" alt=\"\" width=\"1776\" height=\"888\" srcset=\"https:\/\/stk.sklep.pl\/wp-content\/uploads\/2026\/01\/rozm-1-1.jpg 1776w, https:\/\/stk.sklep.pl\/wp-content\/uploads\/2026\/01\/rozm-1-1-300x150.jpg 300w, https:\/\/stk.sklep.pl\/wp-content\/uploads\/2026\/01\/rozm-1-1-1024x512.jpg 1024w, https:\/\/stk.sklep.pl\/wp-content\/uploads\/2026\/01\/rozm-1-1-768x384.jpg 768w, https:\/\/stk.sklep.pl\/wp-content\/uploads\/2026\/01\/rozm-1-1-1536x768.jpg 1536w, https:\/\/stk.sklep.pl\/wp-content\/uploads\/2026\/01\/rozm-1-1-600x300.jpg 600w\" sizes=\"(max-width: 1776px) 100vw, 1776px\" \/><\/p>\n","protected":false},"excerpt":{"rendered":"<p class=\"western\">Kurtka mo\u017ce by\u0107 wykorzystywana zar\u00f3wno\u00a0jako odzie\u017c codzienna, reklamowa, sportowa,\u00a0jak r\u00f3wnie\u017c jako odzie\u017c wierzchnia dla pracownik\u00f3w. Niezwykle wytrzyma\u0142a. Dzi\u0119ki specjalnej obr\u00f3bce materia\u0142u minimalizuje dzia\u0142ania wody a tak\u017ce zapobiega przewianiu.<\/p>\n<p class=\"western\">\u015awietnie nadaj\u0119 si\u0119 pod nadruk, jak i pod haft.<\/p>\n","protected":false},"featured_media":2532,"comment_status":"open","ping_status":"closed","template":"","meta":[],"product_brand":[],"product_cat":[21,32,26],"product_tag":[],"class_list":{"0":"post-2483","1":"product","2":"type-product","3":"status-publish","4":"has-post-thumbnail","6":"product_cat-odziez-reklamowa","7":"product_cat-odziez-robocza","8":"product_cat-odziez-wierzchnia","10":"first","11":"instock","12":"taxable","13":"shipping-taxable","14":"purchasable","15":"product-type-variable"},"_links":{"self":[{"href":"https:\/\/stk.sklep.pl\/index.php?rest_route=\/wp\/v2\/product\/2483","targetHints":{"allow":["GET"]}}],"collection":[{"href":"https:\/\/stk.sklep.pl\/index.php?rest_route=\/wp\/v2\/product"}],"about":[{"href":"https:\/\/stk.sklep.pl\/index.php?rest_route=\/wp\/v2\/types\/product"}],"replies":[{"embeddable":true,"href":"https:\/\/stk.sklep.pl\/index.php?rest_route=%2Fwp%2Fv2%2Fcomments&post=2483"}],"wp:featuredmedia":[{"embeddable":true,"href":"https:\/\/stk.sklep.pl\/index.php?rest_route=\/wp\/v2\/media\/2532"}],"wp:attachment":[{"href":"https:\/\/stk.sklep.pl\/index.php?rest_route=%2Fwp%2Fv2%2Fmedia&parent=2483"}],"wp:term":[{"taxonomy":"product_brand","embeddable":true,"href":"https:\/\/stk.sklep.pl\/index.php?rest_route=%2Fwp%2Fv2%2Fproduct_brand&post=2483"},{"taxonomy":"product_cat","embeddable":true,"href":"https:\/\/stk.sklep.pl\/index.php?rest_route=%2Fwp%2Fv2%2Fproduct_cat&post=2483"},{"taxonomy":"product_tag","embeddable":true,"href":"https:\/\/stk.sklep.pl\/index.php?rest_route=%2Fwp%2Fv2%2Fproduct_tag&post=2483"}],"curies":[{"name":"wp","href":"https:\/\/api.w.org\/{rel}","templated":true}]}}