{"id":2363,"date":"2026-01-08T11:57:36","date_gmt":"2026-01-08T10:57:36","guid":{"rendered":"https:\/\/stk.sklep.pl\/?post_type=product&#038;p=2363"},"modified":"2026-01-08T12:18:10","modified_gmt":"2026-01-08T11:18:10","slug":"antartida-kurtka-soft-shell","status":"publish","type":"product","link":"https:\/\/stk.sklep.pl\/?product=antartida-kurtka-soft-shell","title":{"rendered":"Antartida &#8211; kurtka soft shell"},"content":{"rendered":"<div id=\"product-left\" class=\"col-md-5 col-sm-6\">\n<div id=\"product-photo-big\">\n<div class=\"bigphoto-wrapp\">\n<div class=\"bx-wrapper\">\n<div class=\"bx-controls bx-has-controls-direction\"><strong>PRODUKT:<\/strong><\/div>\n<\/div>\n<\/div>\n<div class=\"thumbwrapp\">\n<div class=\"bx-wrapper\">\n<div class=\"bx-controls bx-has-controls-direction\">\n<div class=\"bx-controls-direction\">\n<p class=\"western\">Wiatroszczelna i wodoodporna dwuwarstwowa kurtka typu soft-shell.<br \/>\n1. Zamek b\u0142yskawiczny z przodu, zabezpieczenie suwaka z uchwytem w kolorze kurtki.<br \/>\n2. Przeszycie na piersi.<br \/>\n3. Trzy kieszenie zewn\u0119trzne zapinane na suwak.<br \/>\n4. Regulacja mankiet\u00f3w na rzepy.<br \/>\n5. D\u00f3\u0142 \u015bci\u0105gany gumk\u0105 z regulatorami.<\/p>\n<\/div>\n<\/div>\n<\/div>\n<\/div>\n<\/div>\n<\/div>\n<div id=\"product-right\" class=\"col-md-7 col-sm-6\">\n<div id=\"product-right-wrapper\">\n<div class=\"product-info-desc\">\n<div class=\"prod-desc\">\n<div id=\"desc1\" class=\"description\" tabindex=\"5000\">\n<div class=\"product-description\">\n<p>&nbsp;<\/p>\n<\/div>\n<\/div>\n<\/div>\n<\/div>\n<\/div>\n<\/div>\n<p><img fetchpriority=\"high\" decoding=\"async\" class=\"alignnone wp-image-2392 \" src=\"http:\/\/stk.sklep.pl\/wp-content\/uploads\/2026\/01\/rozm-5.jpg\" alt=\"\" width=\"898\" height=\"449\" srcset=\"https:\/\/stk.sklep.pl\/wp-content\/uploads\/2026\/01\/rozm-5.jpg 1776w, https:\/\/stk.sklep.pl\/wp-content\/uploads\/2026\/01\/rozm-5-300x150.jpg 300w, https:\/\/stk.sklep.pl\/wp-content\/uploads\/2026\/01\/rozm-5-1024x512.jpg 1024w, https:\/\/stk.sklep.pl\/wp-content\/uploads\/2026\/01\/rozm-5-768x384.jpg 768w, https:\/\/stk.sklep.pl\/wp-content\/uploads\/2026\/01\/rozm-5-1536x768.jpg 1536w, https:\/\/stk.sklep.pl\/wp-content\/uploads\/2026\/01\/rozm-5-600x300.jpg 600w\" sizes=\"(max-width: 898px) 100vw, 898px\" \/><\/p>\n","protected":false},"excerpt":{"rendered":"<p class=\"western\">Kurtka mo\u017ce by\u0107 wykorzystywana zar\u00f3wno\u00a0jako odzie\u017c codzienna, reklamowa, sportowa,\u00a0jak r\u00f3wnie\u017c jako odzie\u017c wierzchnia dla pracownik\u00f3w. Niezwykle wytrzyma\u0142a. Dzi\u0119ki specjalnej obr\u00f3bce materia\u0142u minimalizuje dzia\u0142ania wody a tak\u017ce zapobiega przewianiu.<\/p>\n<p class=\"western\">\u015awietnie nadaj\u0119 si\u0119 pod nadruk, jak i pod haft.<\/p>\n","protected":false},"featured_media":2394,"comment_status":"open","ping_status":"closed","template":"","meta":[],"product_brand":[],"product_cat":[21,32,26],"product_tag":[],"class_list":{"0":"post-2363","1":"product","2":"type-product","3":"status-publish","4":"has-post-thumbnail","6":"product_cat-odziez-reklamowa","7":"product_cat-odziez-robocza","8":"product_cat-odziez-wierzchnia","10":"first","11":"instock","12":"taxable","13":"shipping-taxable","14":"purchasable","15":"product-type-variable"},"_links":{"self":[{"href":"https:\/\/stk.sklep.pl\/index.php?rest_route=\/wp\/v2\/product\/2363","targetHints":{"allow":["GET"]}}],"collection":[{"href":"https:\/\/stk.sklep.pl\/index.php?rest_route=\/wp\/v2\/product"}],"about":[{"href":"https:\/\/stk.sklep.pl\/index.php?rest_route=\/wp\/v2\/types\/product"}],"replies":[{"embeddable":true,"href":"https:\/\/stk.sklep.pl\/index.php?rest_route=%2Fwp%2Fv2%2Fcomments&post=2363"}],"wp:featuredmedia":[{"embeddable":true,"href":"https:\/\/stk.sklep.pl\/index.php?rest_route=\/wp\/v2\/media\/2394"}],"wp:attachment":[{"href":"https:\/\/stk.sklep.pl\/index.php?rest_route=%2Fwp%2Fv2%2Fmedia&parent=2363"}],"wp:term":[{"taxonomy":"product_brand","embeddable":true,"href":"https:\/\/stk.sklep.pl\/index.php?rest_route=%2Fwp%2Fv2%2Fproduct_brand&post=2363"},{"taxonomy":"product_cat","embeddable":true,"href":"https:\/\/stk.sklep.pl\/index.php?rest_route=%2Fwp%2Fv2%2Fproduct_cat&post=2363"},{"taxonomy":"product_tag","embeddable":true,"href":"https:\/\/stk.sklep.pl\/index.php?rest_route=%2Fwp%2Fv2%2Fproduct_tag&post=2363"}],"curies":[{"name":"wp","href":"https:\/\/api.w.org\/{rel}","templated":true}]}}