{"id":2311,"date":"2026-01-07T06:17:42","date_gmt":"2026-01-07T05:17:42","guid":{"rendered":"https:\/\/stk.sklep.pl\/?post_type=product&#038;p=2311"},"modified":"2026-01-07T06:24:24","modified_gmt":"2026-01-07T05:24:24","slug":"altair-kurtka-polarowa","status":"publish","type":"product","link":"https:\/\/stk.sklep.pl\/?product=altair-kurtka-polarowa","title":{"rendered":"Altair &#8211; kurtka polarowa"},"content":{"rendered":"<p><strong>Produkt:<\/strong><\/p>\n<p>Kurtka polarowa o wysokiej widoczno\u015bci.<\/p>\n<ol>\n<li>Zamek b\u0142yskawiczny z przodu z os\u0142on\u0105 podbr\u00f3dka.<\/li>\n<li>Dwa poziome paski odblaskowe na piersi i r\u0119kawach.<\/li>\n<li>Dwie przednie kieszenie z dopasowanym zamkiem b\u0142yskawicznym i jedna kiesze\u0144 na piersi.<\/li>\n<li>Elastyczne mankiety i regulatory wewn\u0105trz obszycia..<\/li>\n<\/ol>\n<p class=\"western\"><strong>UWAGI:<\/strong><\/p>\n<p class=\"western\">*Zgodno\u015b\u0107 CE zgodnie z normami: UNE-EN ISO 13688:2013\/A1:2021 i UNE-EN ISO 20471:2013\/A1:2017.<br \/>\nKlasa II.<br \/>\n*Dobra widoczno\u015b\u0107.<br \/>\n*Model odporny na wiatr.<\/p>\n<p>&nbsp;<\/p>\n<p><img fetchpriority=\"high\" decoding=\"async\" class=\"alignnone  wp-image-2360\" src=\"http:\/\/stk.sklep.pl\/wp-content\/uploads\/2026\/01\/rozm-4.jpg\" alt=\"\" width=\"838\" height=\"247\" srcset=\"https:\/\/stk.sklep.pl\/wp-content\/uploads\/2026\/01\/rozm-4.jpg 1776w, https:\/\/stk.sklep.pl\/wp-content\/uploads\/2026\/01\/rozm-4-300x89.jpg 300w, https:\/\/stk.sklep.pl\/wp-content\/uploads\/2026\/01\/rozm-4-1024x302.jpg 1024w, https:\/\/stk.sklep.pl\/wp-content\/uploads\/2026\/01\/rozm-4-768x227.jpg 768w, https:\/\/stk.sklep.pl\/wp-content\/uploads\/2026\/01\/rozm-4-1536x453.jpg 1536w, https:\/\/stk.sklep.pl\/wp-content\/uploads\/2026\/01\/rozm-4-600x177.jpg 600w\" sizes=\"(max-width: 838px) 100vw, 838px\" \/><\/p>\n","protected":false},"excerpt":{"rendered":"<p>Kurtka polarowa ALTAIR<\/p>\n","protected":false},"featured_media":2354,"comment_status":"open","ping_status":"closed","template":"","meta":[],"product_brand":[],"product_cat":[32,26,24,43,33],"product_tag":[],"class_list":{"0":"post-2311","1":"product","2":"type-product","3":"status-publish","4":"has-post-thumbnail","6":"product_cat-odziez-robocza","7":"product_cat-odziez-wierzchnia","8":"product_cat-polary","9":"product_cat-polary-firmowe","10":"product_cat-wysoka-widocznosc","12":"first","13":"instock","14":"taxable","15":"shipping-taxable","16":"purchasable","17":"product-type-variable"},"_links":{"self":[{"href":"https:\/\/stk.sklep.pl\/index.php?rest_route=\/wp\/v2\/product\/2311","targetHints":{"allow":["GET"]}}],"collection":[{"href":"https:\/\/stk.sklep.pl\/index.php?rest_route=\/wp\/v2\/product"}],"about":[{"href":"https:\/\/stk.sklep.pl\/index.php?rest_route=\/wp\/v2\/types\/product"}],"replies":[{"embeddable":true,"href":"https:\/\/stk.sklep.pl\/index.php?rest_route=%2Fwp%2Fv2%2Fcomments&post=2311"}],"wp:featuredmedia":[{"embeddable":true,"href":"https:\/\/stk.sklep.pl\/index.php?rest_route=\/wp\/v2\/media\/2354"}],"wp:attachment":[{"href":"https:\/\/stk.sklep.pl\/index.php?rest_route=%2Fwp%2Fv2%2Fmedia&parent=2311"}],"wp:term":[{"taxonomy":"product_brand","embeddable":true,"href":"https:\/\/stk.sklep.pl\/index.php?rest_route=%2Fwp%2Fv2%2Fproduct_brand&post=2311"},{"taxonomy":"product_cat","embeddable":true,"href":"https:\/\/stk.sklep.pl\/index.php?rest_route=%2Fwp%2Fv2%2Fproduct_cat&post=2311"},{"taxonomy":"product_tag","embeddable":true,"href":"https:\/\/stk.sklep.pl\/index.php?rest_route=%2Fwp%2Fv2%2Fproduct_tag&post=2311"}],"curies":[{"name":"wp","href":"https:\/\/api.w.org\/{rel}","templated":true}]}}