{"id":2268,"date":"2026-01-07T05:48:18","date_gmt":"2026-01-07T04:48:18","guid":{"rendered":"https:\/\/stk.sklep.pl\/?post_type=product&#038;p=2268"},"modified":"2026-01-07T05:58:50","modified_gmt":"2026-01-07T04:58:50","slug":"armada-kamizelka-robocza","status":"publish","type":"product","link":"https:\/\/stk.sklep.pl\/?product=armada-kamizelka-robocza","title":{"rendered":"ARMADA &#8211; Kamizelka robocza"},"content":{"rendered":"<div id=\"product-left\" class=\"col-md-5 col-sm-6\">\n<div id=\"product-photo-big\">\n<div class=\"bigphoto-wrapp\">\n<div class=\"bx-wrapper\">\n<div class=\"bx-controls bx-has-controls-direction\"><\/div>\n<\/div>\n<\/div>\n<div class=\"thumbwrapp\">\n<div class=\"bx-wrapper\">\n<div class=\"bx-controls bx-has-controls-direction\">\n<div class=\"bx-controls-direction\">\n<p>Wielokolorowa kamizelka robocza z wieloma kieszeniami z wysokim ko\u0142nierzem.<\/p>\n<ul>\n<li>Zapi\u0119cie na \u015brodku na zamek b\u0142yskawiczny i rzep<\/li>\n<li>Elementy wiatrochronne przy otworach na r\u0119kawy<\/li>\n<li>Zewn\u0119trzna kiesze\u0144 na kom\u00f3rk\u0119 po prawej stronie, z klap\u0105 i rzepem<\/li>\n<li>Dwie przednie kieszenie z mieszkiem i klap\u0105 na rzep<\/li>\n<li>Dwie przestrzenie na d\u0142ugopisy<\/li>\n<li>Wewn\u0119trzna kiesze\u0144 zamykana na rzep<\/li>\n<li>Kiesze\u0144 zamek b\u0142yskawiczny<\/li>\n<li>Przed\u0142u\u017cona z ty\u0142u<\/li>\n<li>Regulacja z automatycznym zapi\u0119ciem<\/li>\n<li>Kontrastuj\u0105ce fragmenty ramion i detale<\/li>\n<\/ul>\n<\/div>\n<\/div>\n<\/div>\n<\/div>\n<\/div>\n<\/div>\n<div id=\"product-right\" class=\"col-md-7 col-sm-6\">\n<div id=\"product-right-wrapper\">\n<div class=\"product-info-desc\">\n<div class=\"prod-desc\">\n<div id=\"desc1\" class=\"description\" tabindex=\"5000\">\n<div class=\"product-description\">\n<p>&nbsp;<\/p>\n<\/div>\n<\/div>\n<\/div>\n<\/div>\n<\/div>\n<\/div>\n<p><img fetchpriority=\"high\" decoding=\"async\" class=\"alignnone wp-image-2297 size-full\" src=\"http:\/\/stk.sklep.pl\/wp-content\/uploads\/2026\/01\/rozm-3.jpg\" alt=\"\" width=\"1776\" height=\"524\" srcset=\"https:\/\/stk.sklep.pl\/wp-content\/uploads\/2026\/01\/rozm-3.jpg 1776w, https:\/\/stk.sklep.pl\/wp-content\/uploads\/2026\/01\/rozm-3-300x89.jpg 300w, https:\/\/stk.sklep.pl\/wp-content\/uploads\/2026\/01\/rozm-3-1024x302.jpg 1024w, https:\/\/stk.sklep.pl\/wp-content\/uploads\/2026\/01\/rozm-3-768x227.jpg 768w, https:\/\/stk.sklep.pl\/wp-content\/uploads\/2026\/01\/rozm-3-1536x453.jpg 1536w, https:\/\/stk.sklep.pl\/wp-content\/uploads\/2026\/01\/rozm-3-600x177.jpg 600w\" sizes=\"(max-width: 1776px) 100vw, 1776px\" \/><\/p>\n","protected":false},"excerpt":{"rendered":"<p>Kamizelka robocza z wieloma kieszeniami<\/p>\n","protected":false},"featured_media":2298,"comment_status":"open","ping_status":"closed","template":"","meta":[],"product_brand":[],"product_cat":[52,32],"product_tag":[],"class_list":{"0":"post-2268","1":"product","2":"type-product","3":"status-publish","4":"has-post-thumbnail","6":"product_cat-kamizelki","7":"product_cat-odziez-robocza","9":"first","10":"instock","11":"taxable","12":"shipping-taxable","13":"purchasable","14":"product-type-variable"},"_links":{"self":[{"href":"https:\/\/stk.sklep.pl\/index.php?rest_route=\/wp\/v2\/product\/2268","targetHints":{"allow":["GET"]}}],"collection":[{"href":"https:\/\/stk.sklep.pl\/index.php?rest_route=\/wp\/v2\/product"}],"about":[{"href":"https:\/\/stk.sklep.pl\/index.php?rest_route=\/wp\/v2\/types\/product"}],"replies":[{"embeddable":true,"href":"https:\/\/stk.sklep.pl\/index.php?rest_route=%2Fwp%2Fv2%2Fcomments&post=2268"}],"wp:featuredmedia":[{"embeddable":true,"href":"https:\/\/stk.sklep.pl\/index.php?rest_route=\/wp\/v2\/media\/2298"}],"wp:attachment":[{"href":"https:\/\/stk.sklep.pl\/index.php?rest_route=%2Fwp%2Fv2%2Fmedia&parent=2268"}],"wp:term":[{"taxonomy":"product_brand","embeddable":true,"href":"https:\/\/stk.sklep.pl\/index.php?rest_route=%2Fwp%2Fv2%2Fproduct_brand&post=2268"},{"taxonomy":"product_cat","embeddable":true,"href":"https:\/\/stk.sklep.pl\/index.php?rest_route=%2Fwp%2Fv2%2Fproduct_cat&post=2268"},{"taxonomy":"product_tag","embeddable":true,"href":"https:\/\/stk.sklep.pl\/index.php?rest_route=%2Fwp%2Fv2%2Fproduct_tag&post=2268"}],"curies":[{"name":"wp","href":"https:\/\/api.w.org\/{rel}","templated":true}]}}