{"id":223,"date":"2025-07-19T23:20:25","date_gmt":"2025-07-19T21:20:25","guid":{"rendered":"https:\/\/stk.sklep.pl\/?post_type=product&#038;p=223"},"modified":"2026-01-06T23:14:47","modified_gmt":"2026-01-06T22:14:47","slug":"expedition-koszulka","status":"publish","type":"product","link":"https:\/\/stk.sklep.pl\/?product=expedition-koszulka","title":{"rendered":"EXPEDITION"},"content":{"rendered":"<p><img fetchpriority=\"high\" decoding=\"async\" class=\"alignnone wp-image-242 \" src=\"http:\/\/stk.sklep.pl\/wp-content\/uploads\/2025\/07\/rozmiary-5.jpg\" alt=\"\" width=\"899\" height=\"241\" srcset=\"https:\/\/stk.sklep.pl\/wp-content\/uploads\/2025\/07\/rozmiary-5.jpg 1776w, https:\/\/stk.sklep.pl\/wp-content\/uploads\/2025\/07\/rozmiary-5-300x81.jpg 300w, https:\/\/stk.sklep.pl\/wp-content\/uploads\/2025\/07\/rozmiary-5-1024x275.jpg 1024w, https:\/\/stk.sklep.pl\/wp-content\/uploads\/2025\/07\/rozmiary-5-768x206.jpg 768w, https:\/\/stk.sklep.pl\/wp-content\/uploads\/2025\/07\/rozmiary-5-1536x413.jpg 1536w, https:\/\/stk.sklep.pl\/wp-content\/uploads\/2025\/07\/rozmiary-5-600x161.jpg 600w\" sizes=\"(max-width: 899px) 100vw, 899px\" \/><\/p>\n","protected":false},"excerpt":{"rendered":"<p>Koszulka z kr\u00f3tkim r\u0119kawem, wielokolorowa. \u00b7 Okr\u0105g\u0142e wyci\u0119cie na szyj\u0119 z kontrastuj\u0105c\u0105 obw\u00f3dk\u0105 wewn\u0119trzn\u0105.<br \/>\n\u00b7 Kontrastuj\u0105ce fragmenty ramion i detale<\/p>\n","protected":false},"featured_media":239,"comment_status":"open","ping_status":"closed","template":"","meta":[],"product_brand":[],"product_cat":[42],"product_tag":[],"class_list":{"0":"post-223","1":"product","2":"type-product","3":"status-publish","4":"has-post-thumbnail","6":"product_cat-koszulki-robocze","8":"first","9":"instock","10":"taxable","11":"shipping-taxable","12":"purchasable","13":"product-type-variable"},"_links":{"self":[{"href":"https:\/\/stk.sklep.pl\/index.php?rest_route=\/wp\/v2\/product\/223","targetHints":{"allow":["GET"]}}],"collection":[{"href":"https:\/\/stk.sklep.pl\/index.php?rest_route=\/wp\/v2\/product"}],"about":[{"href":"https:\/\/stk.sklep.pl\/index.php?rest_route=\/wp\/v2\/types\/product"}],"replies":[{"embeddable":true,"href":"https:\/\/stk.sklep.pl\/index.php?rest_route=%2Fwp%2Fv2%2Fcomments&post=223"}],"wp:featuredmedia":[{"embeddable":true,"href":"https:\/\/stk.sklep.pl\/index.php?rest_route=\/wp\/v2\/media\/239"}],"wp:attachment":[{"href":"https:\/\/stk.sklep.pl\/index.php?rest_route=%2Fwp%2Fv2%2Fmedia&parent=223"}],"wp:term":[{"taxonomy":"product_brand","embeddable":true,"href":"https:\/\/stk.sklep.pl\/index.php?rest_route=%2Fwp%2Fv2%2Fproduct_brand&post=223"},{"taxonomy":"product_cat","embeddable":true,"href":"https:\/\/stk.sklep.pl\/index.php?rest_route=%2Fwp%2Fv2%2Fproduct_cat&post=223"},{"taxonomy":"product_tag","embeddable":true,"href":"https:\/\/stk.sklep.pl\/index.php?rest_route=%2Fwp%2Fv2%2Fproduct_tag&post=223"}],"curies":[{"name":"wp","href":"https:\/\/api.w.org\/{rel}","templated":true}]}}