{"id":2215,"date":"2026-01-07T05:39:02","date_gmt":"2026-01-07T04:39:02","guid":{"rendered":"https:\/\/stk.sklep.pl\/?post_type=product&#038;p=2215"},"modified":"2026-01-07T05:44:11","modified_gmt":"2026-01-07T04:44:11","slug":"merak-kurtka-robocza","status":"publish","type":"product","link":"https:\/\/stk.sklep.pl\/?product=merak-kurtka-robocza","title":{"rendered":"MERAK &#8211; Kurtka robocza"},"content":{"rendered":"<p>Wodoodporna tkanina z uszczelnionymi szwami.<\/p>\n<ul>\n<li>Dwa poziome paski o wysokiej widoczno\u015bci na klatce piersiowej i r\u0119kawach oraz pionowe paski na ramionach.<\/li>\n<li>Sk\u0142adany kaptur ze \u015bci\u0105gaczem do regulacji.<\/li>\n<li>Kiesze\u0144 na piersi z klapk\u0105, zapi\u0119ciem na rzep i i miejscem na identyfikator.<\/li>\n<li>Dwie przednie kieszenie z klapkami.<\/li>\n<li>Wewn\u0119trzna kiesze\u0144 z zapi\u0119ciem na zamek b\u0142yskawiczny.<\/li>\n<li>Ukryte mankiety ze \u015bci\u0105gaczem.<\/li>\n<li>Przednie rozci\u0119cie z zapi\u0119ciem na metalowe guziki i podw\u00f3jnym zamkiem b\u0142yskawicznym.<\/li>\n<li><strong>UWAGI:<\/strong><\/li>\n<\/ul>\n<p>&#8211;\u00a0Zgodno\u015b\u0107 z oznaczeniem CE zgodnie z nast\u0119puj\u0105cymi normami: EN ISO 13688:2013\/A1:2021 i EN ISO 20471:2013\/A1:2017. UNE-EN 343:2019. Klasa 3:3. UNE-EN 14058:2017. Klasa 2.<\/p>\n<p>Klasa II, kolory: 55221 &#8211; 55223 &#8211; 52221 &#8211; 23221.<\/p>\n<p>Klasa III, kolory:: 221.<\/p>\n<p><img fetchpriority=\"high\" decoding=\"async\" class=\"alignnone wp-image-2266 \" src=\"http:\/\/stk.sklep.pl\/wp-content\/uploads\/2026\/01\/rozm-2.jpg\" alt=\"\" width=\"863\" height=\"226\" srcset=\"https:\/\/stk.sklep.pl\/wp-content\/uploads\/2026\/01\/rozm-2.jpg 1776w, https:\/\/stk.sklep.pl\/wp-content\/uploads\/2026\/01\/rozm-2-300x79.jpg 300w, https:\/\/stk.sklep.pl\/wp-content\/uploads\/2026\/01\/rozm-2-1024x268.jpg 1024w, https:\/\/stk.sklep.pl\/wp-content\/uploads\/2026\/01\/rozm-2-768x201.jpg 768w, https:\/\/stk.sklep.pl\/wp-content\/uploads\/2026\/01\/rozm-2-1536x402.jpg 1536w, https:\/\/stk.sklep.pl\/wp-content\/uploads\/2026\/01\/rozm-2-600x157.jpg 600w\" sizes=\"(max-width: 863px) 100vw, 863px\" \/><\/p>\n","protected":false},"excerpt":{"rendered":"<p>Kurtka techniczna o wysokiej widoczno\u015bci.<\/p>\n<p>&nbsp;<\/p>\n","protected":false},"featured_media":2258,"comment_status":"open","ping_status":"closed","template":"","meta":[],"product_brand":[],"product_cat":[32,26,33],"product_tag":[],"class_list":{"0":"post-2215","1":"product","2":"type-product","3":"status-publish","4":"has-post-thumbnail","6":"product_cat-odziez-robocza","7":"product_cat-odziez-wierzchnia","8":"product_cat-wysoka-widocznosc","10":"first","11":"instock","12":"taxable","13":"shipping-taxable","14":"purchasable","15":"product-type-variable"},"_links":{"self":[{"href":"https:\/\/stk.sklep.pl\/index.php?rest_route=\/wp\/v2\/product\/2215","targetHints":{"allow":["GET"]}}],"collection":[{"href":"https:\/\/stk.sklep.pl\/index.php?rest_route=\/wp\/v2\/product"}],"about":[{"href":"https:\/\/stk.sklep.pl\/index.php?rest_route=\/wp\/v2\/types\/product"}],"replies":[{"embeddable":true,"href":"https:\/\/stk.sklep.pl\/index.php?rest_route=%2Fwp%2Fv2%2Fcomments&post=2215"}],"wp:featuredmedia":[{"embeddable":true,"href":"https:\/\/stk.sklep.pl\/index.php?rest_route=\/wp\/v2\/media\/2258"}],"wp:attachment":[{"href":"https:\/\/stk.sklep.pl\/index.php?rest_route=%2Fwp%2Fv2%2Fmedia&parent=2215"}],"wp:term":[{"taxonomy":"product_brand","embeddable":true,"href":"https:\/\/stk.sklep.pl\/index.php?rest_route=%2Fwp%2Fv2%2Fproduct_brand&post=2215"},{"taxonomy":"product_cat","embeddable":true,"href":"https:\/\/stk.sklep.pl\/index.php?rest_route=%2Fwp%2Fv2%2Fproduct_cat&post=2215"},{"taxonomy":"product_tag","embeddable":true,"href":"https:\/\/stk.sklep.pl\/index.php?rest_route=%2Fwp%2Fv2%2Fproduct_tag&post=2215"}],"curies":[{"name":"wp","href":"https:\/\/api.w.org\/{rel}","templated":true}]}}