{"id":2172,"date":"2026-01-06T23:18:56","date_gmt":"2026-01-06T22:18:56","guid":{"rendered":"https:\/\/stk.sklep.pl\/?post_type=product&#038;p=2172"},"modified":"2026-01-07T05:34:28","modified_gmt":"2026-01-07T04:34:28","slug":"epsylon-kurtka","status":"publish","type":"product","link":"https:\/\/stk.sklep.pl\/?product=epsylon-kurtka","title":{"rendered":"Epsylon &#8211; kurtka"},"content":{"rendered":"<p><strong>Odblaskowa kurtka<\/strong><\/p>\n<p><strong>MATERIA\u0141:<\/strong><br \/>\nTkanina zewn\u0119trzna: 100% wodoodporny poliester.<br \/>\nPodszewka: 100% poliester.<br \/>\nOcieplenie: 100% poliester.<br \/>\n<strong>400 g\/m\u00b2.<\/strong><\/p>\n<p><strong>PRODUKT:<\/strong><\/p>\n<p>Dwukolorowa kurtka odblaskowa.<br \/>\n1. Odblaskowe pasy na korpusie i r\u0119kawach.<br \/>\n2. Kaptur ze \u015bci\u0105gaczem.<br \/>\n3. Kiesze\u0144 na piersi zapinana na zamek b\u0142yskawiczny.<br \/>\n4. Dwie kieszenie z przodu.<br \/>\n5. \u015aci\u0105gacz na dole.<br \/>\n6. Regulowane mankiety ze \u015bci\u0105gaczem, zapinane na rzep.<br \/>\n7. Zamek b\u0142yskawiczny pod plis\u0105 zapinan\u0105 na rzep.<br \/>\n8. Wewn\u0119trzna kiesze\u0144 na piersi.<br \/>\n9. Odpinane r\u0119kawy.<\/p>\n<p>Ta\u015bma odblaskowa Hi-Viz.<br \/>\nModel posiada w\u0142a\u015bciwo\u015bci silnie odbijaj\u0105ce \u015bwiat\u0142o i zgodne z norm\u0105 UNE EN 471.<\/p>\n","protected":false},"excerpt":{"rendered":"<p>Dwukolorowa odblaskowa kurtka EPSYLON. Idealne rozwi\u0105zanie jako odzie\u017c robocza dla pracownik\u00f3w.\u00a0Niezwykle wytrzyma\u0142a. Dzi\u0119ki specjalnej obr\u00f3bce materia\u0142u minimalizuje dzia\u0142ania wody a tak\u017ce zapobiega przewianiu.<\/p>\n","protected":false},"featured_media":2163,"comment_status":"open","ping_status":"closed","template":"","meta":[],"product_brand":[],"product_cat":[32,26,33],"product_tag":[],"class_list":{"0":"post-2172","1":"product","2":"type-product","3":"status-publish","4":"has-post-thumbnail","6":"product_cat-odziez-robocza","7":"product_cat-odziez-wierzchnia","8":"product_cat-wysoka-widocznosc","10":"first","11":"instock","12":"taxable","13":"shipping-taxable","14":"purchasable","15":"product-type-variable"},"_links":{"self":[{"href":"https:\/\/stk.sklep.pl\/index.php?rest_route=\/wp\/v2\/product\/2172","targetHints":{"allow":["GET"]}}],"collection":[{"href":"https:\/\/stk.sklep.pl\/index.php?rest_route=\/wp\/v2\/product"}],"about":[{"href":"https:\/\/stk.sklep.pl\/index.php?rest_route=\/wp\/v2\/types\/product"}],"replies":[{"embeddable":true,"href":"https:\/\/stk.sklep.pl\/index.php?rest_route=%2Fwp%2Fv2%2Fcomments&post=2172"}],"wp:featuredmedia":[{"embeddable":true,"href":"https:\/\/stk.sklep.pl\/index.php?rest_route=\/wp\/v2\/media\/2163"}],"wp:attachment":[{"href":"https:\/\/stk.sklep.pl\/index.php?rest_route=%2Fwp%2Fv2%2Fmedia&parent=2172"}],"wp:term":[{"taxonomy":"product_brand","embeddable":true,"href":"https:\/\/stk.sklep.pl\/index.php?rest_route=%2Fwp%2Fv2%2Fproduct_brand&post=2172"},{"taxonomy":"product_cat","embeddable":true,"href":"https:\/\/stk.sklep.pl\/index.php?rest_route=%2Fwp%2Fv2%2Fproduct_cat&post=2172"},{"taxonomy":"product_tag","embeddable":true,"href":"https:\/\/stk.sklep.pl\/index.php?rest_route=%2Fwp%2Fv2%2Fproduct_tag&post=2172"}],"curies":[{"name":"wp","href":"https:\/\/api.w.org\/{rel}","templated":true}]}}