{"id":2107,"date":"2026-01-06T23:01:08","date_gmt":"2026-01-06T22:01:08","guid":{"rendered":"https:\/\/stk.sklep.pl\/?post_type=product&#038;p=2107"},"modified":"2026-01-07T05:31:01","modified_gmt":"2026-01-07T04:31:01","slug":"antares","status":"publish","type":"product","link":"https:\/\/stk.sklep.pl\/?product=antares","title":{"rendered":"Antares &#8211; soft shell"},"content":{"rendered":"<p><strong>Produkt:<\/strong><br \/>\nKurtka Soft Shell ANTARES<\/p>\n<ul>\n<li>Dwukolorowy, dobrze widoczny softshell.<\/li>\n<li>Odblaskowe paski na piersi i r\u0119kawach.<\/li>\n<li>\u00a0Wysoki ko\u0142nierz z zamkiem b\u0142yskawicznym z przodu.<\/li>\n<li>Zapi\u0119cia na rzepy w mankietach.<\/li>\n<li>Elastyczny pasek wewn\u0105trz obszycia z regulowanym \u015bci\u0105gaczem.<\/li>\n<li>Trzy zewn\u0119trzne kieszenie.<\/li>\n<\/ul>\n<p><strong>UWAGI:<\/strong><\/p>\n<p>*Zgodno\u015b\u0107 CE zgodnie z normami: UNE-EN ISO 13688:2013\/A1:2021 i UNE-EN ISO 20471:2013\/A1:2017.<br \/>\n*Klasa II.<br \/>\n*Dobra widoczno\u015b\u0107.<br \/>\n*Wodoodporny.<br \/>\n*Wiatroodporny.<\/p>\n<p><img fetchpriority=\"high\" decoding=\"async\" class=\"alignnone wp-image-2159\" src=\"http:\/\/stk.sklep.pl\/wp-content\/uploads\/2026\/01\/rozm.jpg\" alt=\"\" width=\"840\" height=\"220\" srcset=\"https:\/\/stk.sklep.pl\/wp-content\/uploads\/2026\/01\/rozm.jpg 1776w, https:\/\/stk.sklep.pl\/wp-content\/uploads\/2026\/01\/rozm-300x79.jpg 300w, https:\/\/stk.sklep.pl\/wp-content\/uploads\/2026\/01\/rozm-1024x268.jpg 1024w, https:\/\/stk.sklep.pl\/wp-content\/uploads\/2026\/01\/rozm-768x201.jpg 768w, https:\/\/stk.sklep.pl\/wp-content\/uploads\/2026\/01\/rozm-1536x402.jpg 1536w, https:\/\/stk.sklep.pl\/wp-content\/uploads\/2026\/01\/rozm-600x157.jpg 600w\" sizes=\"(max-width: 840px) 100vw, 840px\" \/><\/p>\n","protected":false},"excerpt":{"rendered":"<p>Kurtka Soft Shell ANTARES<\/p>\n","protected":false},"featured_media":2158,"comment_status":"open","ping_status":"closed","template":"","meta":[],"product_brand":[],"product_cat":[32,26,33],"product_tag":[],"class_list":{"0":"post-2107","1":"product","2":"type-product","3":"status-publish","4":"has-post-thumbnail","6":"product_cat-odziez-robocza","7":"product_cat-odziez-wierzchnia","8":"product_cat-wysoka-widocznosc","10":"first","11":"instock","12":"taxable","13":"shipping-taxable","14":"purchasable","15":"product-type-variable"},"_links":{"self":[{"href":"https:\/\/stk.sklep.pl\/index.php?rest_route=\/wp\/v2\/product\/2107","targetHints":{"allow":["GET"]}}],"collection":[{"href":"https:\/\/stk.sklep.pl\/index.php?rest_route=\/wp\/v2\/product"}],"about":[{"href":"https:\/\/stk.sklep.pl\/index.php?rest_route=\/wp\/v2\/types\/product"}],"replies":[{"embeddable":true,"href":"https:\/\/stk.sklep.pl\/index.php?rest_route=%2Fwp%2Fv2%2Fcomments&post=2107"}],"wp:featuredmedia":[{"embeddable":true,"href":"https:\/\/stk.sklep.pl\/index.php?rest_route=\/wp\/v2\/media\/2158"}],"wp:attachment":[{"href":"https:\/\/stk.sklep.pl\/index.php?rest_route=%2Fwp%2Fv2%2Fmedia&parent=2107"}],"wp:term":[{"taxonomy":"product_brand","embeddable":true,"href":"https:\/\/stk.sklep.pl\/index.php?rest_route=%2Fwp%2Fv2%2Fproduct_brand&post=2107"},{"taxonomy":"product_cat","embeddable":true,"href":"https:\/\/stk.sklep.pl\/index.php?rest_route=%2Fwp%2Fv2%2Fproduct_cat&post=2107"},{"taxonomy":"product_tag","embeddable":true,"href":"https:\/\/stk.sklep.pl\/index.php?rest_route=%2Fwp%2Fv2%2Fproduct_tag&post=2107"}],"curies":[{"name":"wp","href":"https:\/\/api.w.org\/{rel}","templated":true}]}}