{"id":192,"date":"2025-07-19T23:01:39","date_gmt":"2025-07-19T21:01:39","guid":{"rendered":"https:\/\/stk.sklep.pl\/?post_type=product&#038;p=192"},"modified":"2026-01-25T22:34:11","modified_gmt":"2026-01-25T21:34:11","slug":"atomic-150-koszulka","status":"publish","type":"product","link":"https:\/\/stk.sklep.pl\/?product=atomic-150-koszulka","title":{"rendered":"Atomic 150"},"content":{"rendered":"<p>T-shirt z kr\u00f3tkim r\u0119kawem, podw\u00f3jny karczek. Wzmacniane, kryte szwy na karku i ramionach. Brak szw\u00f3w bocznych. Zaokr\u0105glony \u015bci\u0105gacz przy szyi.<\/p>\n<p>&nbsp;<\/p>\n<p><img fetchpriority=\"high\" decoding=\"async\" class=\"alignnone wp-image-209 \" src=\"http:\/\/stk.sklep.pl\/wp-content\/uploads\/2025\/07\/rozmiary-3.jpg\" alt=\"\" width=\"873\" height=\"234\" \/><\/p>\n","protected":false},"excerpt":{"rendered":"<p>Koszulki m\u0119skie ATOMIC. Koszulka stosowana zar\u00f3wno do akcji promocyjnych, jak r\u00f3wnie\u017c jako odzie\u017c sportowa i robocza. Wysokiej jako\u015bci koszulka wykonana z bawe\u0142ny single jersey \u2013 wyj\u0105tkowo mi\u0119kka w dotyku. T-shirt idealny pod nadruk.<\/p>\n","protected":false},"featured_media":3841,"comment_status":"open","ping_status":"closed","template":"","meta":[],"product_brand":[],"product_cat":[28,41,36,37,42,39,38,21,32,40,35,34,22],"product_tag":[],"class_list":{"0":"post-192","1":"product","2":"type-product","3":"status-publish","4":"has-post-thumbnail","6":"product_cat-bawelniane","7":"product_cat-eventy","8":"product_cat-gastronomia","9":"product_cat-hotelarstwo","10":"product_cat-koszulki-robocze","11":"product_cat-magazyn-i-transport","12":"product_cat-medycyna-i-spa","13":"product_cat-odziez-reklamowa","14":"product_cat-odziez-robocza","15":"product_cat-przemysl","16":"product_cat-sport","17":"product_cat-strefa-branzowa","18":"product_cat-t-shirty","20":"first","21":"instock","22":"taxable","23":"shipping-taxable","24":"purchasable","25":"product-type-variable"},"_links":{"self":[{"href":"https:\/\/stk.sklep.pl\/index.php?rest_route=\/wp\/v2\/product\/192","targetHints":{"allow":["GET"]}}],"collection":[{"href":"https:\/\/stk.sklep.pl\/index.php?rest_route=\/wp\/v2\/product"}],"about":[{"href":"https:\/\/stk.sklep.pl\/index.php?rest_route=\/wp\/v2\/types\/product"}],"replies":[{"embeddable":true,"href":"https:\/\/stk.sklep.pl\/index.php?rest_route=%2Fwp%2Fv2%2Fcomments&post=192"}],"wp:featuredmedia":[{"embeddable":true,"href":"https:\/\/stk.sklep.pl\/index.php?rest_route=\/wp\/v2\/media\/3841"}],"wp:attachment":[{"href":"https:\/\/stk.sklep.pl\/index.php?rest_route=%2Fwp%2Fv2%2Fmedia&parent=192"}],"wp:term":[{"taxonomy":"product_brand","embeddable":true,"href":"https:\/\/stk.sklep.pl\/index.php?rest_route=%2Fwp%2Fv2%2Fproduct_brand&post=192"},{"taxonomy":"product_cat","embeddable":true,"href":"https:\/\/stk.sklep.pl\/index.php?rest_route=%2Fwp%2Fv2%2Fproduct_cat&post=192"},{"taxonomy":"product_tag","embeddable":true,"href":"https:\/\/stk.sklep.pl\/index.php?rest_route=%2Fwp%2Fv2%2Fproduct_tag&post=192"}],"curies":[{"name":"wp","href":"https:\/\/api.w.org\/{rel}","templated":true}]}}