{"id":1231,"date":"2025-07-21T05:55:19","date_gmt":"2025-07-21T03:55:19","guid":{"rendered":"https:\/\/stk.sklep.pl\/?post_type=product&#038;p=1231"},"modified":"2025-07-21T06:06:47","modified_gmt":"2025-07-21T04:06:47","slug":"bowie-koszulka-polo","status":"publish","type":"product","link":"https:\/\/stk.sklep.pl\/?product=bowie-koszulka-polo","title":{"rendered":"BOWIE &#8211; Koszulka Polo"},"content":{"rendered":"<p>Koszulka polo z kr\u00f3tkim r\u0119kawem. Zapi\u0119cie na trzy guziki. Pr\u0105\u017ckowany ko\u0142nierz. Wzmocnione, kryte szwy w ko\u0142nierzu\u00a0i na ramionach.<\/p>\n<p>&nbsp;<\/p>\n<p><img fetchpriority=\"high\" decoding=\"async\" class=\"alignnone wp-image-1304 size-large\" src=\"http:\/\/stk.sklep.pl\/wp-content\/uploads\/2025\/07\/rozm-5-1024x275.jpg\" alt=\"\" width=\"800\" height=\"215\" srcset=\"https:\/\/stk.sklep.pl\/wp-content\/uploads\/2025\/07\/rozm-5-1024x275.jpg 1024w, https:\/\/stk.sklep.pl\/wp-content\/uploads\/2025\/07\/rozm-5-300x81.jpg 300w, https:\/\/stk.sklep.pl\/wp-content\/uploads\/2025\/07\/rozm-5-768x206.jpg 768w, https:\/\/stk.sklep.pl\/wp-content\/uploads\/2025\/07\/rozm-5-1536x413.jpg 1536w, https:\/\/stk.sklep.pl\/wp-content\/uploads\/2025\/07\/rozm-5-600x161.jpg 600w, https:\/\/stk.sklep.pl\/wp-content\/uploads\/2025\/07\/rozm-5.jpg 1776w\" sizes=\"(max-width: 800px) 100vw, 800px\" \/><\/p>\n","protected":false},"excerpt":{"rendered":"<p>Koszulka polo z kr\u00f3tkim r\u0119kawem. Dekolt w jednolitym kolorze z kontrastowym dekoracyjnym dodatkiem. Wewn\u0119trzna cz\u0119\u015b\u0107 plisy z kontrastow\u0105 ozdobn\u0105 ta\u015bm\u0105 i trzema guzikami. Pr\u0105\u017ckowane mankiety z kontrastowymi dodatkami. Boczne rozci\u0119cia z ozdobn\u0105 ta\u015bm\u0105. Tylna cz\u0119\u015b\u0107 jest troch\u0119 d\u0142u\u017csza od przodu.<\/p>\n<p>&nbsp;<\/p>\n","protected":false},"featured_media":1301,"comment_status":"open","ping_status":"closed","template":"","meta":[],"product_brand":[],"product_cat":[36,23,21],"product_tag":[],"class_list":{"0":"post-1231","1":"product","2":"type-product","3":"status-publish","4":"has-post-thumbnail","6":"product_cat-gastronomia","7":"product_cat-koszulki-polo","8":"product_cat-odziez-reklamowa","10":"first","11":"instock","12":"taxable","13":"shipping-taxable","14":"purchasable","15":"product-type-variable"},"_links":{"self":[{"href":"https:\/\/stk.sklep.pl\/index.php?rest_route=\/wp\/v2\/product\/1231","targetHints":{"allow":["GET"]}}],"collection":[{"href":"https:\/\/stk.sklep.pl\/index.php?rest_route=\/wp\/v2\/product"}],"about":[{"href":"https:\/\/stk.sklep.pl\/index.php?rest_route=\/wp\/v2\/types\/product"}],"replies":[{"embeddable":true,"href":"https:\/\/stk.sklep.pl\/index.php?rest_route=%2Fwp%2Fv2%2Fcomments&post=1231"}],"wp:featuredmedia":[{"embeddable":true,"href":"https:\/\/stk.sklep.pl\/index.php?rest_route=\/wp\/v2\/media\/1301"}],"wp:attachment":[{"href":"https:\/\/stk.sklep.pl\/index.php?rest_route=%2Fwp%2Fv2%2Fmedia&parent=1231"}],"wp:term":[{"taxonomy":"product_brand","embeddable":true,"href":"https:\/\/stk.sklep.pl\/index.php?rest_route=%2Fwp%2Fv2%2Fproduct_brand&post=1231"},{"taxonomy":"product_cat","embeddable":true,"href":"https:\/\/stk.sklep.pl\/index.php?rest_route=%2Fwp%2Fv2%2Fproduct_cat&post=1231"},{"taxonomy":"product_tag","embeddable":true,"href":"https:\/\/stk.sklep.pl\/index.php?rest_route=%2Fwp%2Fv2%2Fproduct_tag&post=1231"}],"curies":[{"name":"wp","href":"https:\/\/api.w.org\/{rel}","templated":true}]}}