{"id":1215,"date":"2025-07-21T05:48:54","date_gmt":"2025-07-21T03:48:54","guid":{"rendered":"https:\/\/stk.sklep.pl\/?post_type=product&#038;p=1215"},"modified":"2026-01-07T06:13:45","modified_gmt":"2026-01-07T05:13:45","slug":"moscu-woman-koszula-damska","status":"publish","type":"product","link":"https:\/\/stk.sklep.pl\/?product=moscu-woman-koszula-damska","title":{"rendered":"MOSCU WOMAN &#8211; koszula damska"},"content":{"rendered":"<p>\u00b7 Podszewka ko\u0142nierza.<\/p>\n<p>\u00b7 Przednie plisy na klatce piersiowej i na plecach.<\/p>\n<p>\u00b7 Przednia kiesze\u0144 z widocznymi guzikami.<\/p>\n<p>\u00b7 Dwa guziki w mankietach.<\/p>\n<p>\u00b7 Tylny karczek.<\/p>\n<p>\u00b7 Zaokr\u0105glone obszycie.<\/p>\n<p>&nbsp;<\/p>\n<p><img fetchpriority=\"high\" decoding=\"async\" class=\"alignnone wp-image-1230 size-large\" src=\"http:\/\/stk.sklep.pl\/wp-content\/uploads\/2025\/07\/rozm-3-1024x275.jpg\" alt=\"\" width=\"800\" height=\"215\" srcset=\"https:\/\/stk.sklep.pl\/wp-content\/uploads\/2025\/07\/rozm-3-1024x275.jpg 1024w, https:\/\/stk.sklep.pl\/wp-content\/uploads\/2025\/07\/rozm-3-300x81.jpg 300w, https:\/\/stk.sklep.pl\/wp-content\/uploads\/2025\/07\/rozm-3-768x206.jpg 768w, https:\/\/stk.sklep.pl\/wp-content\/uploads\/2025\/07\/rozm-3-1536x413.jpg 1536w, https:\/\/stk.sklep.pl\/wp-content\/uploads\/2025\/07\/rozm-3-600x161.jpg 600w, https:\/\/stk.sklep.pl\/wp-content\/uploads\/2025\/07\/rozm-3.jpg 1776w\" sizes=\"(max-width: 800px) 100vw, 800px\" \/><\/p>\n","protected":false},"excerpt":{"rendered":"<p>Damska koszula z d\u0142ugim r\u0119kawem wykonana z elastycznego materia\u0142u.<\/p>\n<p>&nbsp;<\/p>\n","protected":false},"featured_media":1228,"comment_status":"open","ping_status":"closed","template":"","meta":[],"product_brand":[47],"product_cat":[27,21],"product_tag":[],"class_list":{"0":"post-1215","1":"product","2":"type-product","3":"status-publish","4":"has-post-thumbnail","6":"product_brand-roly","7":"product_cat-koszule","8":"product_cat-odziez-reklamowa","10":"first","11":"instock","12":"taxable","13":"shipping-taxable","14":"purchasable","15":"product-type-variable"},"_links":{"self":[{"href":"https:\/\/stk.sklep.pl\/index.php?rest_route=\/wp\/v2\/product\/1215","targetHints":{"allow":["GET"]}}],"collection":[{"href":"https:\/\/stk.sklep.pl\/index.php?rest_route=\/wp\/v2\/product"}],"about":[{"href":"https:\/\/stk.sklep.pl\/index.php?rest_route=\/wp\/v2\/types\/product"}],"replies":[{"embeddable":true,"href":"https:\/\/stk.sklep.pl\/index.php?rest_route=%2Fwp%2Fv2%2Fcomments&post=1215"}],"wp:featuredmedia":[{"embeddable":true,"href":"https:\/\/stk.sklep.pl\/index.php?rest_route=\/wp\/v2\/media\/1228"}],"wp:attachment":[{"href":"https:\/\/stk.sklep.pl\/index.php?rest_route=%2Fwp%2Fv2%2Fmedia&parent=1215"}],"wp:term":[{"taxonomy":"product_brand","embeddable":true,"href":"https:\/\/stk.sklep.pl\/index.php?rest_route=%2Fwp%2Fv2%2Fproduct_brand&post=1215"},{"taxonomy":"product_cat","embeddable":true,"href":"https:\/\/stk.sklep.pl\/index.php?rest_route=%2Fwp%2Fv2%2Fproduct_cat&post=1215"},{"taxonomy":"product_tag","embeddable":true,"href":"https:\/\/stk.sklep.pl\/index.php?rest_route=%2Fwp%2Fv2%2Fproduct_tag&post=1215"}],"curies":[{"name":"wp","href":"https:\/\/api.w.org\/{rel}","templated":true}]}}