{"id":1111,"date":"2025-07-20T23:09:44","date_gmt":"2025-07-20T21:09:44","guid":{"rendered":"https:\/\/stk.sklep.pl\/?post_type=product&#038;p=1111"},"modified":"2026-01-07T06:14:12","modified_gmt":"2026-01-07T05:14:12","slug":"moscu-koszula-meska","status":"publish","type":"product","link":"https:\/\/stk.sklep.pl\/?product=moscu-koszula-meska","title":{"rendered":"Moscu &#8211; koszula m\u0119ska"},"content":{"rendered":"<p>Koszula m\u0119ska z d\u0142ugim r\u0119kawem z elastycznego materia\u0142u. Krochmalony ko\u0142nierzyk. Wyprofilowany dolny brzeg. \u0141atwa w u\u017cytkowaniu<\/p>\n<p>&nbsp;<\/p>\n<p><img fetchpriority=\"high\" decoding=\"async\" class=\"alignnone wp-image-1158 size-large\" src=\"http:\/\/stk.sklep.pl\/wp-content\/uploads\/2025\/07\/rozm-1-1024x275.jpg\" alt=\"\" width=\"800\" height=\"215\" srcset=\"https:\/\/stk.sklep.pl\/wp-content\/uploads\/2025\/07\/rozm-1-1024x275.jpg 1024w, https:\/\/stk.sklep.pl\/wp-content\/uploads\/2025\/07\/rozm-1-300x81.jpg 300w, https:\/\/stk.sklep.pl\/wp-content\/uploads\/2025\/07\/rozm-1-768x206.jpg 768w, https:\/\/stk.sklep.pl\/wp-content\/uploads\/2025\/07\/rozm-1-1536x413.jpg 1536w, https:\/\/stk.sklep.pl\/wp-content\/uploads\/2025\/07\/rozm-1-600x161.jpg 600w, https:\/\/stk.sklep.pl\/wp-content\/uploads\/2025\/07\/rozm-1.jpg 1776w\" sizes=\"(max-width: 800px) 100vw, 800px\" \/><\/p>\n","protected":false},"excerpt":{"rendered":"<p>Koszule m\u0119skie MOSCU. Idealne rozwi\u0105zanie jako odzie\u017c robocza dla pracownik\u00f3w. Sprawdz\u0105 si\u0119 zar\u00f3wno w biurze, hotelu, restauracji, jak r\u00f3wnie\u017c jako odzie\u017c medyczna. \u015awietnie nadaj\u0105 si\u0119 pod nadruk, jak i pod haft.<\/p>\n<p>&nbsp;<\/p>\n","protected":false},"featured_media":1160,"comment_status":"open","ping_status":"closed","template":"","meta":[],"product_brand":[],"product_cat":[27,21],"product_tag":[],"class_list":{"0":"post-1111","1":"product","2":"type-product","3":"status-publish","4":"has-post-thumbnail","6":"product_cat-koszule","7":"product_cat-odziez-reklamowa","9":"first","10":"instock","11":"taxable","12":"shipping-taxable","13":"purchasable","14":"product-type-variable"},"_links":{"self":[{"href":"https:\/\/stk.sklep.pl\/index.php?rest_route=\/wp\/v2\/product\/1111","targetHints":{"allow":["GET"]}}],"collection":[{"href":"https:\/\/stk.sklep.pl\/index.php?rest_route=\/wp\/v2\/product"}],"about":[{"href":"https:\/\/stk.sklep.pl\/index.php?rest_route=\/wp\/v2\/types\/product"}],"replies":[{"embeddable":true,"href":"https:\/\/stk.sklep.pl\/index.php?rest_route=%2Fwp%2Fv2%2Fcomments&post=1111"}],"wp:featuredmedia":[{"embeddable":true,"href":"https:\/\/stk.sklep.pl\/index.php?rest_route=\/wp\/v2\/media\/1160"}],"wp:attachment":[{"href":"https:\/\/stk.sklep.pl\/index.php?rest_route=%2Fwp%2Fv2%2Fmedia&parent=1111"}],"wp:term":[{"taxonomy":"product_brand","embeddable":true,"href":"https:\/\/stk.sklep.pl\/index.php?rest_route=%2Fwp%2Fv2%2Fproduct_brand&post=1111"},{"taxonomy":"product_cat","embeddable":true,"href":"https:\/\/stk.sklep.pl\/index.php?rest_route=%2Fwp%2Fv2%2Fproduct_cat&post=1111"},{"taxonomy":"product_tag","embeddable":true,"href":"https:\/\/stk.sklep.pl\/index.php?rest_route=%2Fwp%2Fv2%2Fproduct_tag&post=1111"}],"curies":[{"name":"wp","href":"https:\/\/api.w.org\/{rel}","templated":true}]}}