{"id":1054,"date":"2025-07-20T23:05:57","date_gmt":"2025-07-20T21:05:57","guid":{"rendered":"https:\/\/stk.sklep.pl\/?post_type=product&#038;p=1054"},"modified":"2026-01-07T06:16:00","modified_gmt":"2026-01-07T05:16:00","slug":"oxford-woman-koszula-damska","status":"publish","type":"product","link":"https:\/\/stk.sklep.pl\/?product=oxford-woman-koszula-damska","title":{"rendered":"Oxford Woman &#8211; koszula damska"},"content":{"rendered":"<p>Koszula damska z kieszonk\u0105 na lewej piersi. Przednie zapi\u0119cie z ukrytymi\u00a0guzikami. Mankiet z dwoma guzikami. Dopasowany kr\u00f3j z przednimi\u00a0odci\u0119ciami.<\/p>\n<p>&nbsp;<\/p>\n<p><img fetchpriority=\"high\" decoding=\"async\" class=\"alignnone wp-image-1091 size-large\" src=\"http:\/\/stk.sklep.pl\/wp-content\/uploads\/2025\/07\/Rozm-1024x275.jpg\" alt=\"\" width=\"800\" height=\"215\" srcset=\"https:\/\/stk.sklep.pl\/wp-content\/uploads\/2025\/07\/Rozm-1024x275.jpg 1024w, https:\/\/stk.sklep.pl\/wp-content\/uploads\/2025\/07\/Rozm-300x81.jpg 300w, https:\/\/stk.sklep.pl\/wp-content\/uploads\/2025\/07\/Rozm-768x206.jpg 768w, https:\/\/stk.sklep.pl\/wp-content\/uploads\/2025\/07\/Rozm-1536x413.jpg 1536w, https:\/\/stk.sklep.pl\/wp-content\/uploads\/2025\/07\/Rozm-600x161.jpg 600w, https:\/\/stk.sklep.pl\/wp-content\/uploads\/2025\/07\/Rozm.jpg 1776w\" sizes=\"(max-width: 800px) 100vw, 800px\" \/><\/p>\n","protected":false},"excerpt":{"rendered":"<p>Koszula OXFORD WOMAN. Idealne rozwi\u0105zanie jako odzie\u017c robocza dla pracownik\u00f3w. Sprawdzi si\u0119 zar\u00f3wno w biurze, hotelu, restauracji, jak r\u00f3wnie\u017c jako odzie\u017c medyczna. \u015awietnie nadaje si\u0119 pod nadruk, jak i pod haft.<\/p>\n","protected":false},"featured_media":2309,"comment_status":"open","ping_status":"closed","template":"","meta":[],"product_brand":[],"product_cat":[27,21],"product_tag":[],"class_list":{"0":"post-1054","1":"product","2":"type-product","3":"status-publish","4":"has-post-thumbnail","6":"product_cat-koszule","7":"product_cat-odziez-reklamowa","9":"first","10":"instock","11":"taxable","12":"shipping-taxable","13":"purchasable","14":"product-type-variable"},"_links":{"self":[{"href":"https:\/\/stk.sklep.pl\/index.php?rest_route=\/wp\/v2\/product\/1054","targetHints":{"allow":["GET"]}}],"collection":[{"href":"https:\/\/stk.sklep.pl\/index.php?rest_route=\/wp\/v2\/product"}],"about":[{"href":"https:\/\/stk.sklep.pl\/index.php?rest_route=\/wp\/v2\/types\/product"}],"replies":[{"embeddable":true,"href":"https:\/\/stk.sklep.pl\/index.php?rest_route=%2Fwp%2Fv2%2Fcomments&post=1054"}],"wp:featuredmedia":[{"embeddable":true,"href":"https:\/\/stk.sklep.pl\/index.php?rest_route=\/wp\/v2\/media\/2309"}],"wp:attachment":[{"href":"https:\/\/stk.sklep.pl\/index.php?rest_route=%2Fwp%2Fv2%2Fmedia&parent=1054"}],"wp:term":[{"taxonomy":"product_brand","embeddable":true,"href":"https:\/\/stk.sklep.pl\/index.php?rest_route=%2Fwp%2Fv2%2Fproduct_brand&post=1054"},{"taxonomy":"product_cat","embeddable":true,"href":"https:\/\/stk.sklep.pl\/index.php?rest_route=%2Fwp%2Fv2%2Fproduct_cat&post=1054"},{"taxonomy":"product_tag","embeddable":true,"href":"https:\/\/stk.sklep.pl\/index.php?rest_route=%2Fwp%2Fv2%2Fproduct_tag&post=1054"}],"curies":[{"name":"wp","href":"https:\/\/api.w.org\/{rel}","templated":true}]}}